{"id":1048,"date":"2023-02-09T19:31:04","date_gmt":"2023-02-09T18:31:04","guid":{"rendered":"https:\/\/choupinets.com\/?page_id=1048"},"modified":"2025-05-04T11:27:59","modified_gmt":"2025-05-04T09:27:59","slug":"marionnettes","status":"publish","type":"page","link":"https:\/\/choupinets.com\/index.php\/marionnettes\/","title":{"rendered":"marionnettes"},"content":{"rendered":"<div id=\"pl-gb1048-69f8a292cea2b\"  class=\"panel-layout wp-block-siteorigin-panels-layout-block panel-layout\" ><div id=\"pg-gb1048-69f8a292cea2b-0\"  class=\"panel-grid panel-has-style\" ><div class=\"siteorigin-panels-stretch panel-row-style panel-row-style-for-gb1048-69f8a292cea2b-0\" data-stretch-type=\"full\" ><div id=\"pgc-gb1048-69f8a292cea2b-0-0\"  class=\"panel-grid-cell\" ><div id=\"panel-gb1048-69f8a292cea2b-0-0-0\" class=\"so-panel widget widget_black-studio-tinymce widget_black_studio_tinymce panel-first-child panel-last-child\" data-index=\"0\" ><div class=\"textwidget\"><h1 style=\"text-align: center;\"><span style=\"text-decoration: underline; color: #000000;\"><em>Marionnettes<\/em><\/span><\/h1>\n<p><img loading=\"lazy\" decoding=\"async\" class=\"aligncenter  wp-image-1079\" src=\"https:\/\/choupinets.com\/wp-content\/uploads\/2023\/02\/guignol.gif\" alt=\"guignol\" width=\"149\" height=\"145\" \/><\/p>\n<p>&nbsp;<\/p>\n<h2 style=\"text-align: center;\"><span style=\"text-decoration: underline; color: #ff0000;\">Le Spectacle: <\/span><\/h2>\n<h2 style=\"text-align: center;\"><span style=\"color: #000000;\">Nous vous proposons ici un Spectacle de Marionnettes pas comme les autres ! <\/span><\/h2>\n<h2 style=\"text-align: center;\"><span style=\"color: #000000;\">Un v\u00e9ritable show ! dans le style d&rsquo;une \u00e9mission de TV, tout en musique ou vos enfants reconnaitront surement leurs chanteurs et chanteuses pr\u00e8f\u00e8r\u00e9s.<\/span><\/h2>\n<h2 style=\"text-align: center;\"><span style=\"color: #000000;\">Tout cela pr\u00e9sent\u00e9 par un animateur hors du commun !<\/span><\/h2>\n<p><img loading=\"lazy\" decoding=\"async\" class=\"aligncenter  wp-image-1077\" src=\"https:\/\/choupinets.com\/wp-content\/uploads\/2023\/02\/marioneta.gif\" alt=\"marioneta\" width=\"80\" height=\"100\" \/><\/p>\n<h2 style=\"text-align: center;\"><span style=\"text-decoration: underline; color: #ff0000;\"> La dur\u00e9e: <\/span><\/h2>\n<h2 style=\"text-align: center;\"><span style=\"color: #000000;\">1 Heure de Spectacle.<\/span><\/h2>\n<p><img loading=\"lazy\" decoding=\"async\" class=\"aligncenter  wp-image-1078\" src=\"https:\/\/choupinets.com\/wp-content\/uploads\/2023\/02\/burattini.gif\" alt=\"burattini\" width=\"75\" height=\"100\" \/><\/p>\n<h2 style=\"text-align: center;\"><span style=\"text-decoration: underline; color: #ff0000;\">Tarifs:<\/span><\/h2>\n<h2 style=\"text-align: center;\"><span style=\"color: #000000;\"> Paris et petite couronne (d\u00e9partements 75, 92, 93, 94) <\/span><\/h2>\n<h2 style=\"text-align: center;\"><span style=\"color: #000000;\">1 heure: 170 euros.<\/span><\/h2>\n<p>&nbsp;<\/p>\n<h2 style=\"text-align: center;\"><span style=\"color: #000000;\">Grande couronne (d\u00e9partements 77, 78, 91, 95)<\/span><\/h2>\n<h2 style=\"text-align: center;\"><span style=\"color: #000000;\"> 1 heure: 180 euros.<\/span><\/h2>\n<p>&nbsp;<\/p>\n<h2 style=\"text-align: center;\"><span style=\"color: #000000;\">Uniquement en Ile-de-France<\/span><\/h2>\n<p><img loading=\"lazy\" decoding=\"async\" class=\"aligncenter  wp-image-1063\" src=\"https:\/\/choupinets.com\/wp-content\/uploads\/2023\/02\/spectacle-de-marionnettes.gif\" alt=\"spectacle de marionnettes\" width=\"160\" height=\"145\" \/><\/p>\n<p style=\"text-align: center;\"><a class=\"button red\" href=\"https:\/\/choupinets.com\/index.php\/contact\/\">Forulaire de Contact<\/a><\/p>\n<h2 style=\"text-align: center;\"><span style=\"color: #000000;\">Contact par T\u00e9l\u00e9phone:<\/span><\/h2>\n<h2 style=\"text-align: center;\"><span style=\"color: #ff0000;\"><a style=\"color: #ff0000;\" href=\"tel:0780998142\" target=\"_blank\" rel=\"noopener\" data-rel=\"external\">07.80.99.81.42<\/a><\/span><\/h2>\n<p><a href=\"https:\/\/choupinets.com\/\"><img loading=\"lazy\" decoding=\"async\" class=\"aligncenter size-full wp-image-430\" src=\"https:\/\/choupinets.com\/wp-content\/uploads\/2023\/02\/ifon.gif\" alt=\"\" width=\"85\" height=\"24\" \/><br \/><\/a><\/p>\n<\/div><\/div><\/div><\/div><\/div><\/div>","protected":false},"excerpt":{"rendered":"<p>Marionnettes &nbsp; Le Spectacle: Nous vous proposons ici un Spectacle de Marionnettes pas comme les autres ! Un v\u00e9ritable show ! dans le style d&rsquo;une \u00e9mission de TV, tout en musique ou vos enfants reconnaitront surement leurs chanteurs et chanteuses pr\u00e8f\u00e8r\u00e9s. Tout cela pr\u00e9sent\u00e9 par un animateur hors du commun ! La dur\u00e9e: 1 Heure&#8230;<\/p>\n","protected":false},"author":1,"featured_media":0,"parent":0,"menu_order":0,"comment_status":"closed","ping_status":"closed","template":"full-width-page.php","meta":{"footnotes":""},"class_list":["post-1048","page","type-page","status-publish","hentry"],"_links":{"self":[{"href":"https:\/\/choupinets.com\/index.php\/wp-json\/wp\/v2\/pages\/1048","targetHints":{"allow":["GET"]}}],"collection":[{"href":"https:\/\/choupinets.com\/index.php\/wp-json\/wp\/v2\/pages"}],"about":[{"href":"https:\/\/choupinets.com\/index.php\/wp-json\/wp\/v2\/types\/page"}],"author":[{"embeddable":true,"href":"https:\/\/choupinets.com\/index.php\/wp-json\/wp\/v2\/users\/1"}],"replies":[{"embeddable":true,"href":"https:\/\/choupinets.com\/index.php\/wp-json\/wp\/v2\/comments?post=1048"}],"version-history":[{"count":12,"href":"https:\/\/choupinets.com\/index.php\/wp-json\/wp\/v2\/pages\/1048\/revisions"}],"predecessor-version":[{"id":1302,"href":"https:\/\/choupinets.com\/index.php\/wp-json\/wp\/v2\/pages\/1048\/revisions\/1302"}],"wp:attachment":[{"href":"https:\/\/choupinets.com\/index.php\/wp-json\/wp\/v2\/media?parent=1048"}],"curies":[{"name":"wp","href":"https:\/\/api.w.org\/{rel}","templated":true}]}}