{"id":307,"date":"2023-01-31T17:59:30","date_gmt":"2023-01-31T16:59:30","guid":{"rendered":"http:\/\/choupinets.com\/?page_id=307"},"modified":"2024-03-15T12:54:01","modified_gmt":"2024-03-15T11:54:01","slug":"tattoo-dance","status":"publish","type":"page","link":"https:\/\/choupinets.com\/index.php\/tattoo-dance\/","title":{"rendered":"Tattoo Dance"},"content":{"rendered":"<div id=\"pl-gb307-69e16c33da0a5\"  class=\"panel-layout\" ><div id=\"pg-gb307-69e16c33da0a5-0\"  class=\"panel-grid panel-has-style\" ><div class=\"siteorigin-panels-stretch panel-row-style panel-row-style-for-gb307-69e16c33da0a5-0\" data-stretch-type=\"full\" ><div id=\"pgc-gb307-69e16c33da0a5-0-0\"  class=\"panel-grid-cell\" ><div id=\"panel-gb307-69e16c33da0a5-0-0-0\" class=\"so-panel widget widget_black-studio-tinymce widget_black_studio_tinymce panel-first-child panel-last-child\" data-index=\"0\" ><div class=\"textwidget\"><h1 style=\"text-align: center;\"><span style=\"text-decoration: underline;\"><em><span style=\"color: #7da6da; text-decoration: underline;\">T<\/span><span style=\"color: #fff203; text-decoration: underline;\">a<\/span><span style=\"color: #fd02ff; text-decoration: underline;\">t<\/span><span style=\"color: #7da6da; text-decoration: underline;\">t<\/span><span style=\"color: #fff203; text-decoration: underline;\">o<\/span><span style=\"color: #fd02ff; text-decoration: underline;\">o<\/span> <span style=\"color: #7da6da; text-decoration: underline;\">D<\/span><span style=\"color: #fff203; text-decoration: underline;\">a<\/span><span style=\"color: #fd02ff; text-decoration: underline;\">n<\/span><span style=\"color: #7da6da; text-decoration: underline;\">c<\/span><span style=\"color: #fff203; text-decoration: underline;\">e<\/span><\/em><\/span><\/h1>\n<\/div><\/div><\/div><\/div><\/div><div id=\"pg-gb307-69e16c33da0a5-1\"  class=\"panel-grid panel-has-style\" ><div class=\"siteorigin-panels-stretch panel-row-style panel-row-style-for-gb307-69e16c33da0a5-1\" data-stretch-type=\"full\" ><div id=\"pgc-gb307-69e16c33da0a5-1-0\"  class=\"panel-grid-cell\" ><div id=\"panel-gb307-69e16c33da0a5-1-0-0\" class=\"so-panel widget widget_black-studio-tinymce widget_black_studio_tinymce panel-first-child panel-last-child\" data-index=\"1\" ><div class=\"textwidget\"><p><img loading=\"lazy\" decoding=\"async\" class=\"aligncenter wp-image-646\" src=\"https:\/\/choupinets.com\/wp-content\/uploads\/2023\/02\/tatouage-anniversaire.jpg\" alt=\"tatouage anniversaire\" width=\"374\" height=\"300\" srcset=\"https:\/\/choupinets.com\/wp-content\/uploads\/2023\/02\/tatouage-anniversaire.jpg 562w, https:\/\/choupinets.com\/wp-content\/uploads\/2023\/02\/tatouage-anniversaire-300x241.jpg 300w\" sizes=\"auto, (max-width: 374px) 100vw, 374px\" \/><\/p>\n<\/div><\/div><\/div><div id=\"pgc-gb307-69e16c33da0a5-1-1\"  class=\"panel-grid-cell\" ><div id=\"panel-gb307-69e16c33da0a5-1-1-0\" class=\"so-panel widget widget_black-studio-tinymce widget_black_studio_tinymce panel-first-child panel-last-child\" data-index=\"2\" ><div class=\"textwidget\"><h2 style=\"text-align: center;\"><span style=\"text-decoration: underline;\"><span style=\"color: #ff0000; text-decoration: underline;\">L&rsquo;animation:<\/span><\/span><\/h2>\n<h2 style=\"text-align: center;\"><span style=\"color: #000000;\">Pr\u00e9sentation de notre Animatrice.<\/span><\/h2>\n<h2 style=\"text-align: center;\"><span style=\"color: #000000;\">R\u00e9alisation de tatouages \u00e9ph\u00e9m\u00e8res.<\/span><\/h2>\n<h2 style=\"text-align: center;\"><span style=\"color: #000000;\">Maquillage de star pour les filles (eyeliner, paillettes, rouge \u00e0 l\u00e8vres).<\/span><\/h2>\n<h2 style=\"text-align: center;\"><span style=\"color: #000000;\">Maquillage divers pour les gar\u00e7ons (Pirate, clown, h\u00e9ro, etc&#8230;).<\/span><\/h2>\n<h2 style=\"text-align: center;\"><span style=\"color: #000000;\">Dancing et Jeux sur des musiques festives.<\/span><\/h2>\n<\/div><\/div><\/div><\/div><\/div><div id=\"pg-gb307-69e16c33da0a5-2\"  class=\"panel-grid panel-has-style\" ><div class=\"siteorigin-panels-stretch panel-row-style panel-row-style-for-gb307-69e16c33da0a5-2\" data-stretch-type=\"full\" ><div id=\"pgc-gb307-69e16c33da0a5-2-0\"  class=\"panel-grid-cell\" ><div id=\"panel-gb307-69e16c33da0a5-2-0-0\" class=\"so-panel widget widget_black-studio-tinymce widget_black_studio_tinymce panel-first-child panel-last-child\" data-index=\"3\" ><div class=\"textwidget\"><p><img loading=\"lazy\" decoding=\"async\" class=\"aligncenter size-full wp-image-372\" src=\"https:\/\/choupinets.com\/wp-content\/uploads\/2023\/02\/facebook.gif\" alt=\"facebook\" width=\"300\" height=\"70\" \/><\/p>\n<\/div><\/div><\/div><\/div><\/div><div id=\"pg-gb307-69e16c33da0a5-3\"  class=\"panel-grid panel-has-style\" ><div class=\"siteorigin-panels-stretch panel-row-style panel-row-style-for-gb307-69e16c33da0a5-3\" data-stretch-type=\"full\" ><div id=\"pgc-gb307-69e16c33da0a5-3-0\"  class=\"panel-grid-cell\" ><div id=\"panel-gb307-69e16c33da0a5-3-0-0\" class=\"so-panel widget widget_black-studio-tinymce widget_black_studio_tinymce panel-first-child panel-last-child\" data-index=\"4\" ><div class=\"textwidget\"><p><img loading=\"lazy\" decoding=\"async\" class=\"aligncenter  wp-image-656\" src=\"https:\/\/choupinets.com\/wp-content\/uploads\/2023\/02\/tatouage-kids.jpg\" alt=\"tatouage kids\" width=\"250\" height=\"250\" srcset=\"https:\/\/choupinets.com\/wp-content\/uploads\/2023\/02\/tatouage-kids.jpg 466w, https:\/\/choupinets.com\/wp-content\/uploads\/2023\/02\/tatouage-kids-300x300.jpg 300w, https:\/\/choupinets.com\/wp-content\/uploads\/2023\/02\/tatouage-kids-150x150.jpg 150w\" sizes=\"auto, (max-width: 250px) 100vw, 250px\" \/><\/p>\n<\/div><\/div><\/div><div id=\"pgc-gb307-69e16c33da0a5-3-1\"  class=\"panel-grid-cell\" ><div id=\"panel-gb307-69e16c33da0a5-3-1-0\" class=\"so-panel widget widget_black-studio-tinymce widget_black_studio_tinymce panel-first-child panel-last-child\" data-index=\"5\" ><div class=\"textwidget\"><p><img loading=\"lazy\" decoding=\"async\" class=\"aligncenter  wp-image-648\" src=\"https:\/\/choupinets.com\/wp-content\/uploads\/2023\/02\/tatouage-enfants.jpg\" alt=\"tatouage enfants\" width=\"250\" height=\"250\" srcset=\"https:\/\/choupinets.com\/wp-content\/uploads\/2023\/02\/tatouage-enfants.jpg 466w, https:\/\/choupinets.com\/wp-content\/uploads\/2023\/02\/tatouage-enfants-300x300.jpg 300w, https:\/\/choupinets.com\/wp-content\/uploads\/2023\/02\/tatouage-enfants-150x150.jpg 150w\" sizes=\"auto, (max-width: 250px) 100vw, 250px\" \/><\/p>\n<\/div><\/div><\/div><div id=\"pgc-gb307-69e16c33da0a5-3-2\"  class=\"panel-grid-cell\" ><div id=\"panel-gb307-69e16c33da0a5-3-2-0\" class=\"so-panel widget widget_black-studio-tinymce widget_black_studio_tinymce panel-first-child panel-last-child\" data-index=\"6\" ><div class=\"textwidget\"><p><img loading=\"lazy\" decoding=\"async\" class=\"aligncenter  wp-image-649\" src=\"https:\/\/choupinets.com\/wp-content\/uploads\/2023\/02\/tatouage-ephemere.jpg\" alt=\"tatouage ephemere\" width=\"250\" height=\"250\" srcset=\"https:\/\/choupinets.com\/wp-content\/uploads\/2023\/02\/tatouage-ephemere.jpg 466w, https:\/\/choupinets.com\/wp-content\/uploads\/2023\/02\/tatouage-ephemere-300x300.jpg 300w, https:\/\/choupinets.com\/wp-content\/uploads\/2023\/02\/tatouage-ephemere-150x150.jpg 150w\" sizes=\"auto, (max-width: 250px) 100vw, 250px\" \/><\/p>\n<\/div><\/div><\/div><\/div><\/div><div id=\"pg-gb307-69e16c33da0a5-4\"  class=\"panel-grid panel-has-style\" ><div class=\"siteorigin-panels-stretch panel-row-style panel-row-style-for-gb307-69e16c33da0a5-4\" data-stretch-type=\"full\" ><div id=\"pgc-gb307-69e16c33da0a5-4-0\"  class=\"panel-grid-cell\" ><div id=\"panel-gb307-69e16c33da0a5-4-0-0\" class=\"so-panel widget widget_black-studio-tinymce widget_black_studio_tinymce panel-first-child panel-last-child\" data-index=\"7\" ><div class=\"textwidget\"><h2 style=\"text-align: center;\"><span style=\"text-decoration: underline; color: #ff0000;\">En suppl\u00e9ment:<\/span><\/h2>\n<h2 style=\"text-align: center;\"><span style=\"color: #000000;\">P\u00eache \u00e0 la ligne (+3 euros par enfants\/3 cadeaux par enfants).<\/span><\/h2>\n<h2 style=\"text-align: center;\"><span style=\"color: #000000;\"> Distribution de cadeaux (+3 euros par enfants\/3 cadeaux par enfants).<\/span><\/h2>\n<p><img loading=\"lazy\" decoding=\"async\" class=\"aligncenter  wp-image-280\" src=\"https:\/\/choupinets.com\/wp-content\/uploads\/2023\/01\/tatouage-enfant.gif\" alt=\"tatouage enfant\" width=\"146\" height=\"100\" \/><\/p>\n<h2 style=\"text-align: center;\"><span style=\"text-decoration: underline;\"><span style=\"color: #ff0000; text-decoration: underline;\">La dur\u00e9e:<\/span><\/span><\/h2>\n<h2 style=\"text-align: center;\">De 2 \u00e0 3 heures d&rsquo;animation.<\/h2>\n<p><img loading=\"lazy\" decoding=\"async\" class=\"aligncenter  wp-image-626\" src=\"https:\/\/choupinets.com\/wp-content\/uploads\/2023\/02\/ballons.gif\" alt=\"ballons\" width=\"70\" height=\"100\" \/><\/p>\n<h2 style=\"text-align: center;\"><span style=\"text-decoration: underline; color: #ff0000;\">Age conseill\u00e9: <\/span><\/h2>\n<h2 style=\"text-align: center;\"><span style=\"color: #000000;\">A partir de 5 ans.<\/span><\/h2>\n<h2 style=\"text-align: center;\"><span style=\"text-decoration: underline; color: #ff0000;\">Nombre d&rsquo;enfants maximum:<\/span><\/h2>\n<h2 style=\"text-align: center;\"><span style=\"color: #000000;\">15 (Pour plus de petits choupinets, nous contacter).<\/span><\/h2>\n<p><img loading=\"lazy\" decoding=\"async\" class=\"aligncenter  wp-image-662\" src=\"https:\/\/choupinets.com\/wp-content\/uploads\/2023\/02\/danseuse.gif\" alt=\"danseuse\" width=\"72\" height=\"100\" \/><\/p>\n<h2 style=\"text-align: center;\"><span style=\"text-decoration: underline;\"><span style=\"color: #ff0000; text-decoration: underline;\">Tarifs:<\/span><\/span><\/h2>\n<h2 style=\"text-align: center;\"><span style=\"color: #000000;\">Paris et petite couronne (d\u00e9partements 75, 92, 93, 94)<\/span><\/h2>\n<h2 style=\"text-align: center;\"><span style=\"color: #000000;\">2 heures: 220 euros.<\/span><\/h2>\n<h2 style=\"text-align: center;\"><span style=\"color: #000000;\">3 heures: 250 euros.<\/span><\/h2>\n<p>&nbsp;<\/p>\n<h2 style=\"text-align: center;\"><span style=\"color: #000000;\">Grande couronne (d\u00e9partements 77, 78, 91, 95)<\/span><\/h2>\n<h2 style=\"text-align: center;\"><span style=\"color: #000000;\">2 heures: 230 euros.<\/span><\/h2>\n<h2 style=\"text-align: center;\"><span style=\"color: #000000;\">3 heures: 260 euros.<\/span><\/h2>\n<p><img loading=\"lazy\" decoding=\"async\" class=\"aligncenter size-full wp-image-660\" src=\"https:\/\/choupinets.com\/wp-content\/uploads\/2023\/02\/bouche.gif\" alt=\"bouche\" width=\"135\" height=\"135\" \/><\/p>\n<p style=\"text-align: center;\"><a class=\"button red\" href=\"https:\/\/choupinets.com\/index.php\/contact\/\">Forulaire de Contact<\/a><\/p>\n<h2 style=\"text-align: center;\"><span style=\"color: #000000;\">Contact par T\u00e9l\u00e9phone:<\/span><\/h2>\n<h2 style=\"text-align: center;\"><span style=\"color: #ff0000;\"><a style=\"color: #ff0000;\" href=\"tel:0780998142\" target=\"_blank\" rel=\"noopener\" data-rel=\"external\">07.80.99.81.42<\/a><\/span><\/h2>\n<p><a href=\"https:\/\/choupinets.com\/\"><img loading=\"lazy\" decoding=\"async\" class=\"aligncenter size-full wp-image-399\" src=\"https:\/\/choupinets.com\/wp-content\/uploads\/2023\/02\/lady-gaga.gif\" alt=\"lady gaga\" width=\"45\" height=\"45\" \/><\/a><\/p>\n<\/div><\/div><\/div><\/div><\/div><\/div>","protected":false},"excerpt":{"rendered":"<p>Tattoo Dance L&rsquo;animation: Pr\u00e9sentation de notre Animatrice. R\u00e9alisation de tatouages \u00e9ph\u00e9m\u00e8res. Maquillage de star pour les filles (eyeliner, paillettes, rouge \u00e0 l\u00e8vres). Maquillage divers pour les gar\u00e7ons (Pirate, clown, h\u00e9ro, etc&#8230;). Dancing et Jeux sur des musiques festives.<\/p>\n","protected":false},"author":1,"featured_media":0,"parent":0,"menu_order":0,"comment_status":"closed","ping_status":"closed","template":"full-width-page.php","meta":{"footnotes":""},"class_list":["post-307","page","type-page","status-publish","hentry"],"_links":{"self":[{"href":"https:\/\/choupinets.com\/index.php\/wp-json\/wp\/v2\/pages\/307","targetHints":{"allow":["GET"]}}],"collection":[{"href":"https:\/\/choupinets.com\/index.php\/wp-json\/wp\/v2\/pages"}],"about":[{"href":"https:\/\/choupinets.com\/index.php\/wp-json\/wp\/v2\/types\/page"}],"author":[{"embeddable":true,"href":"https:\/\/choupinets.com\/index.php\/wp-json\/wp\/v2\/users\/1"}],"replies":[{"embeddable":true,"href":"https:\/\/choupinets.com\/index.php\/wp-json\/wp\/v2\/comments?post=307"}],"version-history":[{"count":9,"href":"https:\/\/choupinets.com\/index.php\/wp-json\/wp\/v2\/pages\/307\/revisions"}],"predecessor-version":[{"id":1247,"href":"https:\/\/choupinets.com\/index.php\/wp-json\/wp\/v2\/pages\/307\/revisions\/1247"}],"wp:attachment":[{"href":"https:\/\/choupinets.com\/index.php\/wp-json\/wp\/v2\/media?parent=307"}],"curies":[{"name":"wp","href":"https:\/\/api.w.org\/{rel}","templated":true}]}}