{"id":52,"date":"2023-01-31T10:45:03","date_gmt":"2023-01-31T09:45:03","guid":{"rendered":"http:\/\/choupinets.com\/?page_id=52"},"modified":"2024-03-15T12:52:07","modified_gmt":"2024-03-15T11:52:07","slug":"choupi-top-chef","status":"publish","type":"page","link":"https:\/\/choupinets.com\/index.php\/choupi-top-chef\/","title":{"rendered":"Choupi Top Chef"},"content":{"rendered":"<div id=\"pl-gb52-69f8a285662a7\"  class=\"panel-layout\" ><div id=\"pg-gb52-69f8a285662a7-0\"  class=\"panel-grid panel-has-style\" ><div class=\"siteorigin-panels-stretch panel-row-style panel-row-style-for-gb52-69f8a285662a7-0\" data-stretch-type=\"full\" ><div id=\"pgc-gb52-69f8a285662a7-0-0\"  class=\"panel-grid-cell\" ><div id=\"panel-gb52-69f8a285662a7-0-0-0\" class=\"so-panel widget widget_black-studio-tinymce widget_black_studio_tinymce panel-first-child panel-last-child\" data-index=\"0\" ><div class=\"textwidget\"><h1 style=\"text-align: center;\"><em><span style=\"text-decoration: underline;\"><span style=\"color: #000000; text-decoration: underline;\">Choupi Top Chef<\/span><\/span><\/em><\/h1>\n<p><img loading=\"lazy\" decoding=\"async\" class=\"aligncenter  wp-image-587\" src=\"https:\/\/choupinets.com\/wp-content\/uploads\/2023\/02\/top-chef.gif\" alt=\"top chef\" width=\"111\" height=\"140\" \/><\/p>\n<\/div><\/div><\/div><\/div><\/div><div id=\"pg-gb52-69f8a285662a7-1\"  class=\"panel-grid panel-has-style\" ><div class=\"siteorigin-panels-stretch panel-row-style panel-row-style-for-gb52-69f8a285662a7-1\" data-stretch-type=\"full\" ><div id=\"pgc-gb52-69f8a285662a7-1-0\"  class=\"panel-grid-cell\" ><div id=\"panel-gb52-69f8a285662a7-1-0-0\" class=\"so-panel widget widget_black-studio-tinymce widget_black_studio_tinymce panel-first-child panel-last-child\" data-index=\"1\" ><div class=\"textwidget\"><h2 style=\"text-align: center;\"><span style=\"text-decoration: underline;\"><span style=\"color: #ff0000; text-decoration: underline;\">L&rsquo;animation:<\/span><\/span><\/h2>\n<h2 style=\"text-align: center;\"><span style=\"color: #000000;\">Pr\u00e9sentation de notre Top Chef.<\/span><\/h2>\n<h2 style=\"text-align: center;\"><span style=\"color: #000000;\">R\u00e9alisation d&rsquo;une tablette de chocolat au lait. Possibilit\u00e9 de rajouter du colorant alimentaire pour plus de FUN&#8230;<\/span><\/h2>\n<h2 style=\"text-align: center;\"><span style=\"color: #000000;\">Le temps que le chocolat durcisse :<\/span><\/h2>\n<h2 style=\"text-align: center;\"><span style=\"color: #000000;\">R\u00e9alisation d&rsquo;une sucette (Pop Cake) : Chamallow enrob\u00e9 de chocolat soupoudr\u00e9 de vermicelle.<\/span><\/h2>\n<h2 style=\"text-align: center;\"><span style=\"color: #000000;\">Dancing et Jeux sur des musiques festives.<\/span><\/h2>\n<\/div><\/div><\/div><\/div><\/div><div id=\"pg-gb52-69f8a285662a7-2\"  class=\"panel-grid panel-has-style\" ><div class=\"siteorigin-panels-stretch panel-row-style panel-row-style-for-gb52-69f8a285662a7-2\" data-stretch-type=\"full\" ><div id=\"pgc-gb52-69f8a285662a7-2-0\"  class=\"panel-grid-cell\" ><div id=\"panel-gb52-69f8a285662a7-2-0-0\" class=\"so-panel widget widget_black-studio-tinymce widget_black_studio_tinymce panel-first-child panel-last-child\" data-index=\"2\" ><div class=\"textwidget\"><p><img loading=\"lazy\" decoding=\"async\" class=\"aligncenter  wp-image-598\" src=\"https:\/\/choupinets.com\/wp-content\/uploads\/2023\/02\/chocolat.jpg\" alt=\"chocolat\" width=\"250\" height=\"250\" srcset=\"https:\/\/choupinets.com\/wp-content\/uploads\/2023\/02\/chocolat.jpg 300w, https:\/\/choupinets.com\/wp-content\/uploads\/2023\/02\/chocolat-150x150.jpg 150w\" sizes=\"auto, (max-width: 250px) 100vw, 250px\" \/><\/p>\n<\/div><\/div><\/div><div id=\"pgc-gb52-69f8a285662a7-2-1\"  class=\"panel-grid-cell\" ><div id=\"panel-gb52-69f8a285662a7-2-1-0\" class=\"so-panel widget widget_black-studio-tinymce widget_black_studio_tinymce panel-first-child panel-last-child\" data-index=\"3\" ><div class=\"textwidget\"><p><img loading=\"lazy\" decoding=\"async\" class=\"aligncenter  wp-image-599\" src=\"https:\/\/choupinets.com\/wp-content\/uploads\/2023\/02\/confiseries.jpg\" alt=\"confiseries\" width=\"250\" height=\"250\" srcset=\"https:\/\/choupinets.com\/wp-content\/uploads\/2023\/02\/confiseries.jpg 300w, https:\/\/choupinets.com\/wp-content\/uploads\/2023\/02\/confiseries-150x150.jpg 150w\" sizes=\"auto, (max-width: 250px) 100vw, 250px\" \/><\/p>\n<\/div><\/div><\/div><div id=\"pgc-gb52-69f8a285662a7-2-2\"  class=\"panel-grid-cell\" ><div id=\"panel-gb52-69f8a285662a7-2-2-0\" class=\"so-panel widget widget_black-studio-tinymce widget_black_studio_tinymce panel-first-child panel-last-child\" data-index=\"4\" ><div class=\"textwidget\"><p><img loading=\"lazy\" decoding=\"async\" class=\"aligncenter  wp-image-600\" src=\"https:\/\/choupinets.com\/wp-content\/uploads\/2023\/02\/pop-cake.jpg\" alt=\"pop cake\" width=\"250\" height=\"250\" srcset=\"https:\/\/choupinets.com\/wp-content\/uploads\/2023\/02\/pop-cake.jpg 300w, https:\/\/choupinets.com\/wp-content\/uploads\/2023\/02\/pop-cake-150x150.jpg 150w\" sizes=\"auto, (max-width: 250px) 100vw, 250px\" \/><\/p>\n<\/div><\/div><\/div><div id=\"pgc-gb52-69f8a285662a7-2-3\"  class=\"panel-grid-cell\" ><div id=\"panel-gb52-69f8a285662a7-2-3-0\" class=\"so-panel widget widget_black-studio-tinymce widget_black_studio_tinymce panel-first-child panel-last-child\" data-index=\"5\" ><div class=\"textwidget\"><p><img loading=\"lazy\" decoding=\"async\" class=\"aligncenter  wp-image-601\" src=\"https:\/\/choupinets.com\/wp-content\/uploads\/2023\/02\/gateau.jpg\" alt=\"gateau\" width=\"250\" height=\"250\" srcset=\"https:\/\/choupinets.com\/wp-content\/uploads\/2023\/02\/gateau.jpg 300w, https:\/\/choupinets.com\/wp-content\/uploads\/2023\/02\/gateau-150x150.jpg 150w\" sizes=\"auto, (max-width: 250px) 100vw, 250px\" \/><\/p>\n<\/div><\/div><\/div><div id=\"pgc-gb52-69f8a285662a7-2-4\"  class=\"panel-grid-cell\" ><div id=\"panel-gb52-69f8a285662a7-2-4-0\" class=\"so-panel widget widget_black-studio-tinymce widget_black_studio_tinymce panel-first-child panel-last-child\" data-index=\"6\" ><div class=\"textwidget\"><p><img loading=\"lazy\" decoding=\"async\" class=\"aligncenter  wp-image-602\" src=\"https:\/\/choupinets.com\/wp-content\/uploads\/2023\/02\/bonbon.jpg\" alt=\"bonbon\" width=\"250\" height=\"250\" srcset=\"https:\/\/choupinets.com\/wp-content\/uploads\/2023\/02\/bonbon.jpg 300w, https:\/\/choupinets.com\/wp-content\/uploads\/2023\/02\/bonbon-150x150.jpg 150w\" sizes=\"auto, (max-width: 250px) 100vw, 250px\" \/><\/p>\n<\/div><\/div><\/div><\/div><\/div><div id=\"pg-gb52-69f8a285662a7-3\"  class=\"panel-grid panel-has-style\" ><div class=\"siteorigin-panels-stretch panel-row-style panel-row-style-for-gb52-69f8a285662a7-3\" data-stretch-type=\"full\" ><div id=\"pgc-gb52-69f8a285662a7-3-0\"  class=\"panel-grid-cell\" ><div id=\"panel-gb52-69f8a285662a7-3-0-0\" class=\"so-panel widget widget_black-studio-tinymce widget_black_studio_tinymce panel-first-child panel-last-child\" data-index=\"7\" ><div class=\"textwidget\"><h2 style=\"text-align: center;\"><span style=\"text-decoration: underline; color: #ff0000;\">En suppl\u00e9ment:<\/span><\/h2>\n<h2 style=\"text-align: center;\"><span style=\"color: #000000;\">P\u00eache \u00e0 la ligne (+3 euros par enfants\/3 cadeaux par enfants).<\/span><\/h2>\n<h2 style=\"text-align: center;\"><span style=\"color: #000000;\"> Distribution de cadeaux (+3 euros par enfants\/3 cadeaux par enfants).<\/span><\/h2>\n<p><img loading=\"lazy\" decoding=\"async\" class=\"aligncenter  wp-image-606\" src=\"https:\/\/choupinets.com\/wp-content\/uploads\/2023\/02\/sucette.gif\" alt=\"sucette\" width=\"83\" height=\"100\" \/><\/p>\n<h2 style=\"text-align: center;\"><span style=\"text-decoration: underline;\"><span style=\"color: #ff0000; text-decoration: underline;\">La dur\u00e9e:<\/span><\/span><\/h2>\n<h2 style=\"text-align: center;\">De 2 \u00e0 3 heures d&rsquo;animation.<\/h2>\n<p><img loading=\"lazy\" decoding=\"async\" class=\"aligncenter  wp-image-607\" src=\"https:\/\/choupinets.com\/wp-content\/uploads\/2023\/02\/tablette-en-chocolat.gif\" alt=\"tablette en chocolat\" width=\"64\" height=\"100\" \/><\/p>\n<h2 style=\"text-align: center;\"><span style=\"text-decoration: underline; color: #ff0000;\">Age conseill\u00e9: <\/span><\/h2>\n<h2 style=\"text-align: center;\"><span style=\"color: #000000;\">A partir de 5 ans.<\/span><\/h2>\n<h2 style=\"text-align: center;\"><span style=\"text-decoration: underline; color: #ff0000;\">Nombre d&rsquo;enfants maximum:<\/span><\/h2>\n<h2 style=\"text-align: center;\"><span style=\"color: #000000;\">10<\/span><\/h2>\n<p><img loading=\"lazy\" decoding=\"async\" class=\"aligncenter  wp-image-608\" src=\"https:\/\/choupinets.com\/wp-content\/uploads\/2023\/02\/sucette-en-chocolat.gif\" alt=\"sucette en chocolat\" width=\"100\" height=\"100\" \/><\/p>\n<h2 style=\"text-align: center;\"><span style=\"text-decoration: underline;\"><span style=\"color: #ff0000; text-decoration: underline;\">Tarifs:<\/span><\/span><\/h2>\n<h2 style=\"text-align: center;\"><span style=\"color: #000000;\">Paris et petite couronne (d\u00e9partements 75, 92, 93, 94)<\/span><\/h2>\n<h2 style=\"text-align: center;\"><span style=\"color: #000000;\">1 heure 30: 240 euros. (Pop Cake et Jeux)<\/span><\/h2>\n<h2 style=\"text-align: center;\"><span style=\"color: #000000;\">2 heures 30: 270 euros. (Formule compl\u00e8te)<\/span><\/h2>\n<p>&nbsp;<\/p>\n<h2 style=\"text-align: center;\"><span style=\"color: #000000;\">Grande couronne (d\u00e9partements 77, 78, 91, 95)<\/span><\/h2>\n<h2 style=\"text-align: center;\"><span style=\"color: #000000;\">1 heure 30: 250 euros. (Pop Cake et Jeux)<\/span><\/h2>\n<h2 style=\"text-align: center;\"><span style=\"color: #000000;\">2 heures 30: 280 euros. (Formule compl\u00e8te)<\/span><\/h2>\n<p><img loading=\"lazy\" decoding=\"async\" class=\"aligncenter  wp-image-605\" src=\"https:\/\/choupinets.com\/wp-content\/uploads\/2023\/02\/chocolate.gif\" alt=\"chocolate\" width=\"495\" height=\"150\" \/><\/p>\n<p style=\"text-align: center;\"><a class=\"button red\" href=\"https:\/\/choupinets.com\/index.php\/contact\/\">Forulaire de Contact<\/a><\/p>\n<h2 style=\"text-align: center;\"><span style=\"color: #000000;\">Contact par T\u00e9l\u00e9phone:<\/span><\/h2>\n<h2 style=\"text-align: center;\"><span style=\"color: #ff0000;\"><a style=\"color: #ff0000;\" href=\"tel:0780998142\" target=\"_blank\" rel=\"noopener\" data-rel=\"external\">07.80.99.81.42<\/a><\/span><\/h2>\n<p><a href=\"https:\/\/choupinets.com\/\"><img loading=\"lazy\" decoding=\"async\" class=\"aligncenter size-full wp-image-399\" src=\"https:\/\/choupinets.com\/wp-content\/uploads\/2023\/02\/lady-gaga.gif\" alt=\"lady gaga\" width=\"45\" height=\"45\" \/><\/a><\/p>\n<\/div><\/div><\/div><\/div><\/div><\/div>","protected":false},"excerpt":{"rendered":"<p>Choupi Top Chef L&rsquo;animation: Pr\u00e9sentation de notre Top Chef. R\u00e9alisation d&rsquo;une tablette de chocolat au lait. Possibilit\u00e9 de rajouter du colorant alimentaire pour plus de FUN&#8230; Le temps que le chocolat durcisse : R\u00e9alisation d&rsquo;une sucette (Pop Cake) : Chamallow enrob\u00e9 de chocolat soupoudr\u00e9 de vermicelle. Dancing et Jeux sur des musiques festives.<\/p>\n","protected":false},"author":1,"featured_media":0,"parent":0,"menu_order":0,"comment_status":"closed","ping_status":"closed","template":"full-width-page.php","meta":{"footnotes":""},"class_list":["post-52","page","type-page","status-publish","hentry"],"_links":{"self":[{"href":"https:\/\/choupinets.com\/index.php\/wp-json\/wp\/v2\/pages\/52","targetHints":{"allow":["GET"]}}],"collection":[{"href":"https:\/\/choupinets.com\/index.php\/wp-json\/wp\/v2\/pages"}],"about":[{"href":"https:\/\/choupinets.com\/index.php\/wp-json\/wp\/v2\/types\/page"}],"author":[{"embeddable":true,"href":"https:\/\/choupinets.com\/index.php\/wp-json\/wp\/v2\/users\/1"}],"replies":[{"embeddable":true,"href":"https:\/\/choupinets.com\/index.php\/wp-json\/wp\/v2\/comments?post=52"}],"version-history":[{"count":14,"href":"https:\/\/choupinets.com\/index.php\/wp-json\/wp\/v2\/pages\/52\/revisions"}],"predecessor-version":[{"id":1245,"href":"https:\/\/choupinets.com\/index.php\/wp-json\/wp\/v2\/pages\/52\/revisions\/1245"}],"wp:attachment":[{"href":"https:\/\/choupinets.com\/index.php\/wp-json\/wp\/v2\/media?parent=52"}],"curies":[{"name":"wp","href":"https:\/\/api.w.org\/{rel}","templated":true}]}}