{"id":61,"date":"2023-01-31T10:47:23","date_gmt":"2023-01-31T09:47:23","guid":{"rendered":"http:\/\/choupinets.com\/?page_id=61"},"modified":"2024-03-15T13:11:03","modified_gmt":"2024-03-15T12:11:03","slug":"choupi-clip","status":"publish","type":"page","link":"https:\/\/choupinets.com\/index.php\/choupi-clip\/","title":{"rendered":"Choupi Clip"},"content":{"rendered":"<div id=\"pl-gb61-69f8a292cdb5e\"  class=\"panel-layout\" ><div id=\"pg-gb61-69f8a292cdb5e-0\"  class=\"panel-grid panel-has-style\" ><div class=\"siteorigin-panels-stretch panel-row-style panel-row-style-for-gb61-69f8a292cdb5e-0\" data-stretch-type=\"full\" ><div id=\"pgc-gb61-69f8a292cdb5e-0-0\"  class=\"panel-grid-cell\" ><div id=\"panel-gb61-69f8a292cdb5e-0-0-0\" class=\"so-panel widget widget_black-studio-tinymce widget_black_studio_tinymce panel-first-child panel-last-child\" data-index=\"0\" ><div class=\"textwidget\"><h1 style=\"text-align: center;\"><span style=\"text-decoration: underline;\"><em><span style=\"color: #000000; text-decoration: underline;\">Choupi Clip<\/span><\/em><\/span><\/h1>\n<p><img loading=\"lazy\" decoding=\"async\" class=\"aligncenter size-full wp-image-485\" src=\"https:\/\/choupinets.com\/wp-content\/uploads\/2023\/02\/Camera-video.gif\" alt=\"Camera video\" width=\"86\" height=\"105\" \/><\/p>\n<\/div><\/div><\/div><\/div><\/div><div id=\"pg-gb61-69f8a292cdb5e-1\"  class=\"panel-grid panel-has-style\" ><div class=\"siteorigin-panels-stretch panel-row-style panel-row-style-for-gb61-69f8a292cdb5e-1\" data-stretch-type=\"full\" ><div id=\"pgc-gb61-69f8a292cdb5e-1-0\"  class=\"panel-grid-cell\" ><div id=\"panel-gb61-69f8a292cdb5e-1-0-0\" class=\"so-panel widget widget_black-studio-tinymce widget_black_studio_tinymce panel-first-child panel-last-child\" data-index=\"1\" ><div class=\"textwidget\"><p><img loading=\"lazy\" decoding=\"async\" class=\"aligncenter wp-image-486\" src=\"https:\/\/choupinets.com\/wp-content\/uploads\/2023\/02\/gangnam-style.gif\" alt=\"gangnam style\" width=\"299\" height=\"168\" \/><\/p>\n<\/div><\/div><\/div><div id=\"pgc-gb61-69f8a292cdb5e-1-1\"  class=\"panel-grid-cell\" ><div id=\"panel-gb61-69f8a292cdb5e-1-1-0\" class=\"so-panel widget widget_black-studio-tinymce widget_black_studio_tinymce panel-first-child panel-last-child\" data-index=\"2\" ><div class=\"textwidget\"><p><img loading=\"lazy\" decoding=\"async\" class=\"aligncenter  wp-image-488\" src=\"https:\/\/choupinets.com\/wp-content\/uploads\/2023\/02\/shakira-waka-waka.gif\" alt=\"shakira waka waka\" width=\"299\" height=\"168\" \/><\/p>\n<\/div><\/div><\/div><\/div><\/div><div id=\"pg-gb61-69f8a292cdb5e-2\"  class=\"panel-grid panel-has-style\" ><div class=\"siteorigin-panels-stretch panel-row-style panel-row-style-for-gb61-69f8a292cdb5e-2\" data-stretch-type=\"full\" ><div id=\"pgc-gb61-69f8a292cdb5e-2-0\"  class=\"panel-grid-cell\" ><div id=\"panel-gb61-69f8a292cdb5e-2-0-0\" class=\"so-panel widget widget_black-studio-tinymce widget_black_studio_tinymce panel-first-child panel-last-child\" data-index=\"3\" ><div class=\"textwidget\"><h2 style=\"text-align: center;\"><span style=\"text-decoration: underline; color: #ff0000;\">Votre enfant aimerait se mettre dans la peau de son artiste pr\u00e9f\u00e9r\u00e9 ?<\/span><\/h2>\n<h2 style=\"text-align: center;\"><span style=\"color: #000000;\">Croyez-nous c&rsquo;est possible !<\/span><\/h2>\n<h2 style=\"text-align: center;\"><span style=\"color: #000000;\">Un membre de notre \u00e9quipe se d\u00e9placera \u00e0 votre domicile et r\u00e9alisera un superbe et inoubliable vid\u00e9o-clip avec tout vos petits choupinets.<\/span><\/h2>\n<h2 style=\"text-align: center;\"><span style=\"color: #000000;\">Quelle que soit l&rsquo;artiste ou le groupe que votre enfant choisira, soyez-en s\u00fbrs, le r\u00e9sultat sera vraiment bleufant !<\/span><\/h2>\n<h2 style=\"text-align: center;\"><span style=\"color: #ff0000;\">Une fois le montage termin\u00e9, vous recevrez le vid\u00e9o-clip de votre petite star par internet.<\/span><\/h2>\n<h2 style=\"text-align: center;\"><span style=\"color: #000000;\">(Vous d\u00e9sirez visionner un de nos choupi-clips ? Merci de nous contacter par mail et nous vous enverrons un lien).<\/span><\/h2>\n<h2 style=\"text-align: center;\"><span style=\"text-decoration: underline;\"><span style=\"color: #000000; text-decoration: underline;\">Silence, moteur, \u00e7a tourne !<\/span><\/span><\/h2>\n<\/div><\/div><\/div><\/div><\/div><div id=\"pg-gb61-69f8a292cdb5e-3\"  class=\"panel-grid panel-has-style\" ><div class=\"siteorigin-panels-stretch panel-row-style panel-row-style-for-gb61-69f8a292cdb5e-3\" data-stretch-type=\"full\" ><div id=\"pgc-gb61-69f8a292cdb5e-3-0\"  class=\"panel-grid-cell\" ><div id=\"panel-gb61-69f8a292cdb5e-3-0-0\" class=\"so-panel widget widget_black-studio-tinymce widget_black_studio_tinymce panel-first-child panel-last-child\" data-index=\"4\" ><div class=\"textwidget\"><p><img loading=\"lazy\" decoding=\"async\" class=\"aligncenter  wp-image-487\" src=\"https:\/\/choupinets.com\/wp-content\/uploads\/2023\/02\/smooth-criminal.gif\" alt=\"smooth criminal\" width=\"299\" height=\"168\" \/><\/p>\n<\/div><\/div><\/div><div id=\"pgc-gb61-69f8a292cdb5e-3-1\"  class=\"panel-grid-cell\" ><div id=\"panel-gb61-69f8a292cdb5e-3-1-0\" class=\"so-panel widget widget_black-studio-tinymce widget_black_studio_tinymce panel-first-child panel-last-child\" data-index=\"5\" ><div class=\"textwidget\"><p><img loading=\"lazy\" decoding=\"async\" class=\"aligncenter  wp-image-489\" src=\"https:\/\/choupinets.com\/wp-content\/uploads\/2023\/02\/violetta.gif\" alt=\"violetta\" width=\"322\" height=\"168\" \/><\/p>\n<\/div><\/div><\/div><\/div><\/div><div id=\"pg-gb61-69f8a292cdb5e-4\"  class=\"panel-grid panel-has-style\" ><div class=\"siteorigin-panels-stretch panel-row-style panel-row-style-for-gb61-69f8a292cdb5e-4\" data-stretch-type=\"full\" ><div id=\"pgc-gb61-69f8a292cdb5e-4-0\"  class=\"panel-grid-cell\" ><div id=\"panel-gb61-69f8a292cdb5e-4-0-0\" class=\"so-panel widget widget_black-studio-tinymce widget_black_studio_tinymce panel-first-child panel-last-child\" data-index=\"6\" ><div class=\"textwidget\"><h2 style=\"text-align: center;\"><span style=\"text-decoration: underline;\"><span style=\"color: #ff0000; text-decoration: underline;\">L&rsquo;animation:<\/span><\/span><\/h2>\n<h2 style=\"text-align: center;\"><span style=\"color: #000000;\">Pr\u00e9sentation de notre Animateur ou Animatrice.<\/span><\/h2>\n<h2 style=\"text-align: center;\"><span style=\"color: #000000;\">R\u00e9alisation d&rsquo;un vid\u00e9o-clip.<\/span><\/h2>\n<h2 style=\"text-align: center;\"><span style=\"color: #ff0000;\">Des Accessoires seront pr\u00eat\u00e9s aux enfants pour le tournage.<\/span><\/h2>\n<h2 style=\"text-align: center;\"><span style=\"color: #000000;\">Dancing et Jeux sur des musiques festives.<\/span><\/h2>\n<h2 style=\"text-align: center;\"><span style=\"color: #000000;\">Sculpture sur ballons \u00e0 emporter pour chaque Choupinets.<\/span><\/h2>\n<p><img loading=\"lazy\" decoding=\"async\" class=\"aligncenter  wp-image-277\" src=\"https:\/\/choupinets.com\/wp-content\/uploads\/2023\/01\/film-anniversaire.gif\" alt=\"film anniversaire\" width=\"86\" height=\"100\" \/><\/p>\n<h2 style=\"text-align: center;\"><span style=\"text-decoration: underline;\"><span style=\"color: #ff0000; text-decoration: underline;\">La dur\u00e9e:<\/span><\/span><\/h2>\n<h2 style=\"text-align: center;\"><span style=\"color: #000000;\">De 2 \u00e0 3 heures d&rsquo;animation.<\/span><\/h2>\n<div><img loading=\"lazy\" decoding=\"async\" class=\"aligncenter  wp-image-485\" src=\"https:\/\/choupinets.com\/wp-content\/uploads\/2023\/02\/Camera-video.gif\" alt=\"Camera video\" width=\"84\" height=\"103\" \/><\/div>\n<h2 style=\"text-align: center;\"><span style=\"text-decoration: underline;\"><span style=\"color: #ff0000; text-decoration: underline;\">Age conseill\u00e9:<\/span><\/span><\/h2>\n<h2 style=\"text-align: center;\"><span style=\"color: #000000;\">A partir de 7 ans.<\/span><\/h2>\n<h2 style=\"text-align: center;\"><span style=\"text-decoration: underline;\"><span style=\"color: #ff0000; text-decoration: underline;\">Nombre d&rsquo;enfants maximum:<\/span><\/span><\/h2>\n<h2 style=\"text-align: center;\"><span style=\"color: #000000;\">15 (Pour plus de petits choupinets, nous contacter).<\/span><\/h2>\n<div><img loading=\"lazy\" decoding=\"async\" class=\"aligncenter  wp-image-495\" src=\"https:\/\/choupinets.com\/wp-content\/uploads\/2023\/02\/winnie.gif\" alt=\"winnie\" width=\"83\" height=\"100\" \/><\/div>\n<h2 style=\"text-align: center;\"><span style=\"text-decoration: underline;\"><span style=\"color: #ff0000; text-decoration: underline;\">Tarifs:<\/span><\/span><\/h2>\n<h2 style=\"text-align: center;\"><span style=\"color: #000000;\">Paris et petite couronne (d\u00e9partements 75, 92, 93, 94)<\/span><\/h2>\n<h2 style=\"text-align: center;\"><span style=\"color: #000000;\">2 heures: 220 <\/span>euros.<\/h2>\n<h2 style=\"text-align: center;\"><span style=\"color: #000000;\">3 heures: 250 euros.<\/span><\/h2>\n<p>&nbsp;<\/p>\n<h2 style=\"text-align: center;\"><span style=\"color: #000000;\">Grande couronne (d\u00e9partements 77, 78, 91, 95)<\/span><\/h2>\n<h2 style=\"text-align: center;\"><span style=\"color: #000000;\">2 heures: 230 euros.<\/span><\/h2>\n<h2 style=\"text-align: center;\"><span style=\"color: #000000;\">3 <\/span>heures: 260 euros.<\/h2>\n<div><img loading=\"lazy\" decoding=\"async\" class=\"aligncenter  wp-image-496\" src=\"https:\/\/choupinets.com\/wp-content\/uploads\/2023\/02\/tournage.gif\" alt=\"tournage\" width=\"82\" height=\"101\" \/><\/div>\n<h2 style=\"text-align: center;\"><span style=\"text-decoration: underline;\"><span style=\"color: #ff0000; text-decoration: underline;\">En Suppl\u00e9ment:<\/span><\/span><\/h2>\n<h2 style=\"text-align: center;\"><span style=\"color: #000000;\"><strong>Choupi-Movie:<\/strong> Notre r\u00e9alisateur continura \u00e0 tourner des s\u00e9quences de vos petits choupinets tout au long de l&rsquo;animation. (Danse, Jeux, Gateau, etc&#8230;)<\/span><\/h2>\n<h2 style=\"text-align: center;\"><span style=\"color: #000000;\">Vous receverez \u00e9galement par internet le film choupi-movie que vous d\u00e9couvrirez juste \u00e0 la suite de votre choupi-clip.<\/span><\/h2>\n<h2 style=\"text-align: center;\"><span style=\"color: #000000;\"><strong>Tarif Choupi-Movie:<\/strong> 30 euros.<\/span><\/h2>\n<p>&nbsp;<\/p>\n<h2 style=\"text-align: center;\"><span style=\"color: #000000;\"><strong>P\u00eache \u00e0 la ligne<\/strong> (+3 euros par enfants\/3 cadeaux par enfants).<\/span><\/h2>\n<h2 style=\"text-align: center;\"><span style=\"color: #000000;\"><strong>Distribution<\/strong><\/span><span style=\"color: #000000;\"><strong> de cadeaux<\/strong> (+3 euros par enfants\/3 cadeaux par enfants).<\/span><\/h2>\n<\/div><\/div><\/div><\/div><\/div><div id=\"pg-gb61-69f8a292cdb5e-5\"  class=\"panel-grid panel-has-style\" ><div class=\"siteorigin-panels-stretch panel-row-style panel-row-style-for-gb61-69f8a292cdb5e-5\" data-stretch-type=\"full\" ><div id=\"pgc-gb61-69f8a292cdb5e-5-0\"  class=\"panel-grid-cell\" ><div id=\"panel-gb61-69f8a292cdb5e-5-0-0\" class=\"so-panel widget widget_black-studio-tinymce widget_black_studio_tinymce panel-first-child panel-last-child\" data-index=\"7\" ><div class=\"textwidget\"><p><img loading=\"lazy\" decoding=\"async\" class=\"aligncenter  wp-image-490\" src=\"https:\/\/choupinets.com\/wp-content\/uploads\/2023\/02\/justine.gif\" alt=\"justine\" width=\"305\" height=\"168\" \/><\/p>\n<p style=\"text-align: center;\"><a class=\"button red\" href=\"https:\/\/choupinets.com\/index.php\/contact\/\">Forulaire de Contact<\/a><\/p>\n<h2 style=\"text-align: center;\"><span style=\"color: #000000;\">Contact par T\u00e9l\u00e9phone:<\/span><\/h2>\n<h2 style=\"text-align: center;\"><span style=\"color: #ff0000;\"><a style=\"color: #ff0000;\" href=\"tel:0780998142\" target=\"_blank\" rel=\"noopener\" data-rel=\"external\">07.80.99.81.42<\/a><\/span><\/h2>\n<p><a href=\"https:\/\/choupinets.com\/\"><img loading=\"lazy\" decoding=\"async\" class=\"aligncenter size-full wp-image-430\" src=\"https:\/\/choupinets.com\/wp-content\/uploads\/2023\/02\/ifon.gif\" alt=\"\" width=\"85\" height=\"24\" \/><br \/><\/a><\/p>\n<\/div><\/div><\/div><\/div><\/div><\/div>","protected":false},"excerpt":{"rendered":"<p>Choupi Clip<\/p>\n","protected":false},"author":1,"featured_media":0,"parent":0,"menu_order":0,"comment_status":"closed","ping_status":"closed","template":"full-width-page.php","meta":{"footnotes":""},"class_list":["post-61","page","type-page","status-publish","hentry"],"_links":{"self":[{"href":"https:\/\/choupinets.com\/index.php\/wp-json\/wp\/v2\/pages\/61","targetHints":{"allow":["GET"]}}],"collection":[{"href":"https:\/\/choupinets.com\/index.php\/wp-json\/wp\/v2\/pages"}],"about":[{"href":"https:\/\/choupinets.com\/index.php\/wp-json\/wp\/v2\/types\/page"}],"author":[{"embeddable":true,"href":"https:\/\/choupinets.com\/index.php\/wp-json\/wp\/v2\/users\/1"}],"replies":[{"embeddable":true,"href":"https:\/\/choupinets.com\/index.php\/wp-json\/wp\/v2\/comments?post=61"}],"version-history":[{"count":12,"href":"https:\/\/choupinets.com\/index.php\/wp-json\/wp\/v2\/pages\/61\/revisions"}],"predecessor-version":[{"id":1255,"href":"https:\/\/choupinets.com\/index.php\/wp-json\/wp\/v2\/pages\/61\/revisions\/1255"}],"wp:attachment":[{"href":"https:\/\/choupinets.com\/index.php\/wp-json\/wp\/v2\/media?parent=61"}],"curies":[{"name":"wp","href":"https:\/\/api.w.org\/{rel}","templated":true}]}}