{"id":71,"date":"2023-01-31T10:49:25","date_gmt":"2023-01-31T09:49:25","guid":{"rendered":"http:\/\/choupinets.com\/?page_id=71"},"modified":"2025-05-04T11:15:48","modified_gmt":"2025-05-04T09:15:48","slug":"pom-pom-girls-defile","status":"publish","type":"page","link":"https:\/\/choupinets.com\/index.php\/pom-pom-girls-defile\/","title":{"rendered":"Pom-Pom Girls\/D\u00e9fil\u00e9"},"content":{"rendered":"<div id=\"pl-gb71-69f0c47f66c22\"  class=\"panel-layout wp-block-siteorigin-panels-layout-block panel-layout\" ><div id=\"pg-gb71-69f0c47f66c22-0\"  class=\"panel-grid panel-has-style\" ><div class=\"siteorigin-panels-stretch panel-row-style panel-row-style-for-gb71-69f0c47f66c22-0\" data-stretch-type=\"full\" ><div id=\"pgc-gb71-69f0c47f66c22-0-0\"  class=\"panel-grid-cell\" ><div id=\"panel-gb71-69f0c47f66c22-0-0-0\" class=\"so-panel widget widget_black-studio-tinymce widget_black_studio_tinymce panel-first-child panel-last-child\" data-index=\"0\" ><div class=\"textwidget\"><h1 style=\"text-align: center;\"><em><span style=\"text-decoration: underline;\"><span style=\"color: #ff0000; text-decoration: underline;\">Pom-Pom Girls\/D\u00e9fil\u00e9<\/span><\/span><\/em><\/h1>\n<\/div><\/div><\/div><\/div><\/div><div id=\"pg-gb71-69f0c47f66c22-1\"  class=\"panel-grid panel-has-style\" ><div class=\"siteorigin-panels-stretch panel-row-style panel-row-style-for-gb71-69f0c47f66c22-1\" data-stretch-type=\"full\" ><div id=\"pgc-gb71-69f0c47f66c22-1-0\"  class=\"panel-grid-cell\" ><div id=\"panel-gb71-69f0c47f66c22-1-0-0\" class=\"so-panel widget widget_black-studio-tinymce widget_black_studio_tinymce panel-first-child panel-last-child\" data-index=\"1\" ><div class=\"textwidget\"><p><img loading=\"lazy\" decoding=\"async\" class=\"wp-image-417 aligncenter\" src=\"https:\/\/choupinets.com\/wp-content\/uploads\/2023\/02\/pompom.gif\" alt=\"pompom\" width=\"156\" height=\"180\" \/><\/p>\n<\/div><\/div><\/div><div id=\"pgc-gb71-69f0c47f66c22-1-1\"  class=\"panel-grid-cell\" ><div id=\"panel-gb71-69f0c47f66c22-1-1-0\" class=\"so-panel widget widget_black-studio-tinymce widget_black_studio_tinymce panel-first-child panel-last-child\" data-index=\"2\" ><div class=\"textwidget\"><h2 style=\"text-align: center;\"><span style=\"text-decoration: underline;\"><strong><span style=\"color: #ff0000; text-decoration: underline;\">L&rsquo;animation:<\/span><\/strong><\/span><\/h2>\n<h2 style=\"text-align: center;\"><span style=\"color: #000000;\">Pr\u00e9sentation de notre Animatrice.<\/span><\/h2>\n<h2 style=\"text-align: center;\"><span style=\"color: #000000;\">Transformation en Pom-Pom Girl.<\/span><\/h2>\n<h2 style=\"text-align: center;\"><span style=\"color: #000000;\">Chor\u00e9graphies et Danse de Pom-Pom Girls!!!.<\/span><\/h2>\n<h2 style=\"text-align: center;\"><span style=\"color: #000000;\">Dancing et Jeux sur des musiques festives.<\/span><\/h2>\n<h2 style=\"text-align: center;\"><span style=\"color: #000000;\">D\u00e9fil\u00e9 de Mode!!!.<\/span><\/h2>\n<\/div><\/div><\/div><\/div><\/div><div id=\"pg-gb71-69f0c47f66c22-2\"  class=\"panel-grid panel-has-style\" ><div class=\"siteorigin-panels-stretch panel-row-style panel-row-style-for-gb71-69f0c47f66c22-2\" data-stretch-type=\"full\" ><div id=\"pgc-gb71-69f0c47f66c22-2-0\"  class=\"panel-grid-cell\" ><div id=\"panel-gb71-69f0c47f66c22-2-0-0\" class=\"so-panel widget widget_black-studio-tinymce widget_black_studio_tinymce panel-first-child panel-last-child\" data-index=\"3\" ><div class=\"textwidget\"><h2 style=\"text-align: center;\"><span style=\"color: #ff0000;\">Les Pompoms sont pr\u00eat\u00e9s aux enfants pour l&rsquo;animation.<\/span><\/h2>\n<\/div><\/div><\/div><\/div><\/div><div id=\"pg-gb71-69f0c47f66c22-3\"  class=\"panel-grid panel-has-style\" ><div class=\"siteorigin-panels-stretch panel-row-style panel-row-style-for-gb71-69f0c47f66c22-3\" data-stretch-type=\"full\" ><div id=\"pgc-gb71-69f0c47f66c22-3-0\"  class=\"panel-grid-cell\" ><div id=\"panel-gb71-69f0c47f66c22-3-0-0\" class=\"so-panel widget widget_black-studio-tinymce widget_black_studio_tinymce panel-first-child panel-last-child\" data-index=\"4\" ><div class=\"textwidget\"><p><img loading=\"lazy\" decoding=\"async\" class=\"aligncenter size-full wp-image-423\" src=\"https:\/\/choupinets.com\/wp-content\/uploads\/2023\/02\/pompom-girls.jpg\" alt=\"pompom-girls\" width=\"309\" height=\"245\" srcset=\"https:\/\/choupinets.com\/wp-content\/uploads\/2023\/02\/pompom-girls.jpg 309w, https:\/\/choupinets.com\/wp-content\/uploads\/2023\/02\/pompom-girls-300x238.jpg 300w\" sizes=\"auto, (max-width: 309px) 100vw, 309px\" \/><\/p>\n<\/div><\/div><\/div><div id=\"pgc-gb71-69f0c47f66c22-3-1\"  class=\"panel-grid-cell\" ><div id=\"panel-gb71-69f0c47f66c22-3-1-0\" class=\"so-panel widget widget_black-studio-tinymce widget_black_studio_tinymce panel-first-child panel-last-child\" data-index=\"5\" ><div class=\"textwidget\"><p><img loading=\"lazy\" decoding=\"async\" class=\"aligncenter  wp-image-424\" src=\"https:\/\/choupinets.com\/wp-content\/uploads\/2023\/02\/defile-de-mode.jpg\" alt=\"defile-de-mode\" width=\"326\" height=\"245\" srcset=\"https:\/\/choupinets.com\/wp-content\/uploads\/2023\/02\/defile-de-mode.jpg 533w, https:\/\/choupinets.com\/wp-content\/uploads\/2023\/02\/defile-de-mode-300x225.jpg 300w\" sizes=\"auto, (max-width: 326px) 100vw, 326px\" \/><\/p>\n<\/div><\/div><\/div><div id=\"pgc-gb71-69f0c47f66c22-3-2\"  class=\"panel-grid-cell\" ><div id=\"panel-gb71-69f0c47f66c22-3-2-0\" class=\"so-panel widget widget_black-studio-tinymce widget_black_studio_tinymce panel-first-child panel-last-child\" data-index=\"6\" ><div class=\"textwidget\"><p><img loading=\"lazy\" decoding=\"async\" class=\"aligncenter  wp-image-425\" src=\"https:\/\/choupinets.com\/wp-content\/uploads\/2023\/02\/defiles-de-mode.jpg\" alt=\"defiles-de-mode\" width=\"340\" height=\"245\" srcset=\"https:\/\/choupinets.com\/wp-content\/uploads\/2023\/02\/defiles-de-mode.jpg 525w, https:\/\/choupinets.com\/wp-content\/uploads\/2023\/02\/defiles-de-mode-300x216.jpg 300w, https:\/\/choupinets.com\/wp-content\/uploads\/2023\/02\/defiles-de-mode-210x150.jpg 210w\" sizes=\"auto, (max-width: 340px) 100vw, 340px\" \/><\/p>\n<\/div><\/div><\/div><div id=\"pgc-gb71-69f0c47f66c22-3-3\"  class=\"panel-grid-cell\" ><div id=\"panel-gb71-69f0c47f66c22-3-3-0\" class=\"so-panel widget widget_black-studio-tinymce widget_black_studio_tinymce panel-first-child panel-last-child\" data-index=\"7\" ><div class=\"textwidget\"><p><img loading=\"lazy\" decoding=\"async\" class=\"aligncenter  wp-image-426\" src=\"https:\/\/choupinets.com\/wp-content\/uploads\/2023\/02\/pompom-girl.jpg\" alt=\"pompom-girl\" width=\"325\" height=\"245\" srcset=\"https:\/\/choupinets.com\/wp-content\/uploads\/2023\/02\/pompom-girl.jpg 524w, https:\/\/choupinets.com\/wp-content\/uploads\/2023\/02\/pompom-girl-300x226.jpg 300w\" sizes=\"auto, (max-width: 325px) 100vw, 325px\" \/><\/p>\n<\/div><\/div><\/div><\/div><\/div><div id=\"pg-gb71-69f0c47f66c22-4\"  class=\"panel-grid panel-has-style\" ><div class=\"siteorigin-panels-stretch panel-row-style panel-row-style-for-gb71-69f0c47f66c22-4\" data-stretch-type=\"full\" ><div id=\"pgc-gb71-69f0c47f66c22-4-0\"  class=\"panel-grid-cell\" ><div id=\"panel-gb71-69f0c47f66c22-4-0-0\" class=\"so-panel widget widget_black-studio-tinymce widget_black_studio_tinymce panel-first-child panel-last-child\" data-index=\"8\" ><div class=\"textwidget\"><h2 style=\"text-align: center;\"><span style=\"color: #ff0000;\">Les Accessoires sont pr\u00eat\u00e9s aux enfants pour l&rsquo;animation.<\/span><\/h2>\n<p>&nbsp;<\/p>\n<h2 style=\"text-align: center;\"><span style=\"text-decoration: underline; color: #ff0000;\">En suppl\u00e9ment:<\/span><\/h2>\n<h2 style=\"text-align: center;\"><span style=\"color: #000000;\">P\u00eache \u00e0 la ligne (+3 euros par enfants\/3 cadeaux par enfants).<\/span><\/h2>\n<h2 style=\"text-align: center;\"><span style=\"color: #000000;\"> Distribution de cadeaux (+3 euros par enfants\/3 cadeaux par enfants).<\/span><\/h2>\n<p><img loading=\"lazy\" decoding=\"async\" class=\"aligncenter  wp-image-432\" src=\"https:\/\/choupinets.com\/wp-content\/uploads\/2023\/02\/pom-pom-girl.gif\" alt=\"pom pom girl\" width=\"80\" height=\"101\" \/><\/p>\n<h2 style=\"text-align: center;\"><span style=\"text-decoration: underline;\"><span style=\"color: #ff0000; text-decoration: underline;\">La dur\u00e9e:<\/span><\/span><\/h2>\n<h2 style=\"text-align: center;\">De 2 \u00e0 3 heures d&rsquo;animation.<\/h2>\n<p><img loading=\"lazy\" decoding=\"async\" class=\"aligncenter  wp-image-433\" src=\"https:\/\/choupinets.com\/wp-content\/uploads\/2023\/02\/pompom-girls.gif\" alt=\"pompom girls\" width=\"145\" height=\"70\" \/><\/p>\n<h2 style=\"text-align: center;\"><span style=\"text-decoration: underline; color: #ff0000;\">Age conseill\u00e9: <\/span><\/h2>\n<h2 style=\"text-align: center;\"><span style=\"color: #000000;\">A partir de 7 ans.<\/span><\/h2>\n<h2 style=\"text-align: center;\"><span style=\"text-decoration: underline; color: #ff0000;\">Nombre d&rsquo;enfants maximum:<\/span><\/h2>\n<h2 style=\"text-align: center;\"><span style=\"color: #000000;\">15 (Pour plus de petits choupinets, nous contacter).<\/span><\/h2>\n<p><img loading=\"lazy\" decoding=\"async\" class=\"aligncenter  wp-image-418\" src=\"https:\/\/choupinets.com\/wp-content\/uploads\/2023\/02\/girl.gif\" alt=\"girl\" width=\"60\" height=\"100\" \/><\/p>\n<h2 style=\"text-align: center;\"><span style=\"text-decoration: underline;\"><span style=\"color: #ff0000; text-decoration: underline;\">Tarifs:<\/span><\/span><\/h2>\n<h2 style=\"text-align: center;\"><span style=\"color: #000000;\">Paris et petite couronne (d\u00e9partements 75, 92, 93, 94)<\/span><\/h2>\n<h2 style=\"text-align: center;\"><span style=\"color: #000000;\">2 heures: 190 euros.<\/span><\/h2>\n<h2 style=\"text-align: center;\"><span style=\"color: #000000;\">3 heures: 220 euros.<\/span><\/h2>\n<p>&nbsp;<\/p>\n<h2 style=\"text-align: center;\"><span style=\"color: #000000;\">Grande couronne (d\u00e9partements 77, 78, 91, 95)<\/span><\/h2>\n<h2 style=\"text-align: center;\"><span style=\"color: #000000;\">2 heures: 210 euros.<\/span><\/h2>\n<h2 style=\"text-align: center;\"><span style=\"color: #000000;\">3 heures: 240 euros.<\/span><\/h2>\n<p><img loading=\"lazy\" decoding=\"async\" class=\"aligncenter  wp-image-416\" src=\"https:\/\/choupinets.com\/wp-content\/uploads\/2023\/02\/pompom-girl.gif\" alt=\"pompom girl\" width=\"53\" height=\"105\" \/><\/p>\n<p style=\"text-align: center;\"><a class=\"button red\" href=\"https:\/\/choupinets.com\/index.php\/contact\/\">Forulaire de Contact<\/a><\/p>\n<h2 style=\"text-align: center;\"><span style=\"color: #000000;\">Contact par T\u00e9l\u00e9phone:<\/span><\/h2>\n<h2 style=\"text-align: center;\"><span style=\"color: #ff0000;\"><a style=\"color: #ff0000;\" href=\"tel:0780998142\" target=\"_blank\" rel=\"noopener\" data-rel=\"external\">07.80.99.81.42<\/a><\/span><\/h2>\n<p><a href=\"https:\/\/choupinets.com\/\"><img loading=\"lazy\" decoding=\"async\" class=\"aligncenter size-full wp-image-430\" src=\"https:\/\/choupinets.com\/wp-content\/uploads\/2023\/02\/ifon.gif\" alt=\"\" width=\"85\" height=\"24\" \/><br \/><\/a><\/p>\n<\/div><\/div><\/div><\/div><\/div><\/div>","protected":false},"excerpt":{"rendered":"<p>Pom-Pom Girls\/D\u00e9fil\u00e9 L&rsquo;animation: Pr\u00e9sentation de notre Animatrice. Transformation en Pom-Pom Girl. Chor\u00e9graphies et Danse de Pom-Pom Girls!!!. Dancing et Jeux sur des musiques festives. D\u00e9fil\u00e9 de Mode!!!.<\/p>\n","protected":false},"author":1,"featured_media":0,"parent":0,"menu_order":0,"comment_status":"closed","ping_status":"closed","template":"full-width-page.php","meta":{"footnotes":""},"class_list":["post-71","page","type-page","status-publish","hentry"],"_links":{"self":[{"href":"https:\/\/choupinets.com\/index.php\/wp-json\/wp\/v2\/pages\/71","targetHints":{"allow":["GET"]}}],"collection":[{"href":"https:\/\/choupinets.com\/index.php\/wp-json\/wp\/v2\/pages"}],"about":[{"href":"https:\/\/choupinets.com\/index.php\/wp-json\/wp\/v2\/types\/page"}],"author":[{"embeddable":true,"href":"https:\/\/choupinets.com\/index.php\/wp-json\/wp\/v2\/users\/1"}],"replies":[{"embeddable":true,"href":"https:\/\/choupinets.com\/index.php\/wp-json\/wp\/v2\/comments?post=71"}],"version-history":[{"count":16,"href":"https:\/\/choupinets.com\/index.php\/wp-json\/wp\/v2\/pages\/71\/revisions"}],"predecessor-version":[{"id":1290,"href":"https:\/\/choupinets.com\/index.php\/wp-json\/wp\/v2\/pages\/71\/revisions\/1290"}],"wp:attachment":[{"href":"https:\/\/choupinets.com\/index.php\/wp-json\/wp\/v2\/media?parent=71"}],"curies":[{"name":"wp","href":"https:\/\/api.w.org\/{rel}","templated":true}]}}