{"id":84,"date":"2023-01-31T10:51:49","date_gmt":"2023-01-31T09:51:49","guid":{"rendered":"http:\/\/choupinets.com\/?page_id=84"},"modified":"2025-05-04T11:20:08","modified_gmt":"2025-05-04T09:20:08","slug":"reine-des-neiges","status":"publish","type":"page","link":"https:\/\/choupinets.com\/index.php\/reine-des-neiges\/","title":{"rendered":"La Reine des Neiges"},"content":{"rendered":"<div id=\"pl-gb84-69e1b339df655\"  class=\"panel-layout wp-block-siteorigin-panels-layout-block panel-layout\" ><div id=\"pg-gb84-69e1b339df655-0\"  class=\"panel-grid panel-has-style\" ><div class=\"siteorigin-panels-stretch panel-row-style panel-row-style-for-gb84-69e1b339df655-0\" data-stretch-type=\"full\" ><div id=\"pgc-gb84-69e1b339df655-0-0\"  class=\"panel-grid-cell\" ><div id=\"panel-gb84-69e1b339df655-0-0-0\" class=\"so-panel widget widget_black-studio-tinymce widget_black_studio_tinymce panel-first-child panel-last-child\" data-index=\"0\" ><div class=\"textwidget\"><p><img loading=\"lazy\" decoding=\"async\" class=\"aligncenter size-full wp-image-529\" src=\"https:\/\/choupinets.com\/wp-content\/uploads\/2023\/02\/frozen.gif\" alt=\"frozen\" width=\"250\" height=\"74\" \/><\/p>\n<\/div><\/div><\/div><\/div><\/div><div id=\"pg-gb84-69e1b339df655-1\"  class=\"panel-grid panel-has-style\" ><div class=\"siteorigin-panels-stretch panel-row-style panel-row-style-for-gb84-69e1b339df655-1\" data-stretch-type=\"full\" ><div id=\"pgc-gb84-69e1b339df655-1-0\"  class=\"panel-grid-cell\" ><div id=\"panel-gb84-69e1b339df655-1-0-0\" class=\"so-panel widget widget_black-studio-tinymce widget_black_studio_tinymce panel-first-child panel-last-child\" data-index=\"1\" ><div class=\"textwidget\"><p><img loading=\"lazy\" decoding=\"async\" class=\"aligncenter wp-image-530\" src=\"https:\/\/choupinets.com\/wp-content\/uploads\/2023\/02\/la-reine-des-neiges.gif\" alt=\"la reine des neiges\" width=\"414\" height=\"300\" \/> <img loading=\"lazy\" decoding=\"async\" class=\"aligncenter size-full wp-image-531\" src=\"https:\/\/choupinets.com\/wp-content\/uploads\/2023\/02\/snow-queen.gif\" alt=\"snow queen\" width=\"334\" height=\"58\" \/><\/p>\n<\/div><\/div><\/div><div id=\"pgc-gb84-69e1b339df655-1-1\"  class=\"panel-grid-cell\" ><div id=\"panel-gb84-69e1b339df655-1-1-0\" class=\"so-panel widget widget_black-studio-tinymce widget_black_studio_tinymce panel-first-child panel-last-child\" data-index=\"2\" ><div class=\"textwidget\"><h2 style=\"text-align: center;\"><strong><span style=\"text-decoration: underline;\"><span style=\"color: #000000; text-decoration: underline;\">L&rsquo;animation:<\/span><\/span><\/strong><\/h2>\n<h2 style=\"text-align: center;\"><span style=\"color: #000000;\">Pr\u00e9sentation de notre Animatrice.<\/span><\/h2>\n<h2 style=\"text-align: center;\"><span style=\"color: #000000;\">Transformation en Reine des neiges.<\/span><\/h2>\n<h2 style=\"text-align: center;\"><span style=\"color: #000000;\">Elsa fait son entr\u00e9e en chanson.<\/span><\/h2>\n<h2 style=\"text-align: center;\"><span style=\"color: #000000;\">Chasse au tr\u00e9sor (Olaf et sa famille ont disparu!)<\/span><\/h2>\n<h2 style=\"text-align: center;\"><span style=\"color: #000000;\">Confection d&rsquo;un Olaf pour chaque choupinet.<\/span><\/h2>\n<h2 style=\"text-align: center;\"><span style=\"color: #000000;\">Dancing et Jeux sur des musiques festives.<\/span><\/h2>\n<h2 style=\"text-align: center;\"><span style=\"color: #000000;\">Maquillage (Uniquement sur demande lors de votre r\u00e9servation).<\/span><\/h2>\n<\/div><\/div><\/div><\/div><\/div><div id=\"pg-gb84-69e1b339df655-2\"  class=\"panel-grid panel-has-style\" ><div class=\"siteorigin-panels-stretch panel-row-style panel-row-style-for-gb84-69e1b339df655-2\" data-stretch-type=\"full\" ><div id=\"pgc-gb84-69e1b339df655-2-0\"  class=\"panel-grid-cell\" ><div id=\"panel-gb84-69e1b339df655-2-0-0\" class=\"so-panel widget widget_black-studio-tinymce widget_black_studio_tinymce panel-first-child panel-last-child\" data-index=\"3\" ><div class=\"textwidget\"><p><img loading=\"lazy\" decoding=\"async\" class=\"aligncenter  wp-image-533\" src=\"https:\/\/choupinets.com\/wp-content\/uploads\/2023\/02\/elsa-a.jpg\" alt=\"elsa a\" width=\"188\" height=\"251\" \/><\/p>\n<\/div><\/div><\/div><div id=\"pgc-gb84-69e1b339df655-2-1\"  class=\"panel-grid-cell\" ><div id=\"panel-gb84-69e1b339df655-2-1-0\" class=\"so-panel widget widget_black-studio-tinymce widget_black_studio_tinymce panel-first-child panel-last-child\" data-index=\"4\" ><div class=\"textwidget\"><p><img loading=\"lazy\" decoding=\"async\" class=\"aligncenter  wp-image-535\" src=\"https:\/\/choupinets.com\/wp-content\/uploads\/2023\/02\/elsa-b.jpg\" alt=\"elsa b\" width=\"188\" height=\"251\" \/><\/p>\n<\/div><\/div><\/div><div id=\"pgc-gb84-69e1b339df655-2-2\"  class=\"panel-grid-cell\" ><div id=\"panel-gb84-69e1b339df655-2-2-0\" class=\"so-panel widget widget_black-studio-tinymce widget_black_studio_tinymce panel-first-child panel-last-child\" data-index=\"5\" ><div class=\"textwidget\"><p><img loading=\"lazy\" decoding=\"async\" class=\"aligncenter  wp-image-542\" src=\"https:\/\/choupinets.com\/wp-content\/uploads\/2023\/02\/elsa-c..jpg\" alt=\"elsa c.\" width=\"188\" height=\"251\" \/><\/p>\n<\/div><\/div><\/div><div id=\"pgc-gb84-69e1b339df655-2-3\"  class=\"panel-grid-cell\" ><div id=\"panel-gb84-69e1b339df655-2-3-0\" class=\"so-panel widget widget_black-studio-tinymce widget_black_studio_tinymce panel-first-child panel-last-child\" data-index=\"6\" ><div class=\"textwidget\"><p><img loading=\"lazy\" decoding=\"async\" class=\"aligncenter  wp-image-537\" src=\"https:\/\/choupinets.com\/wp-content\/uploads\/2023\/02\/elsa-d.jpg\" alt=\"elsa d\" width=\"188\" height=\"251\" \/><\/p>\n<\/div><\/div><\/div><div id=\"pgc-gb84-69e1b339df655-2-4\"  class=\"panel-grid-cell\" ><div id=\"panel-gb84-69e1b339df655-2-4-0\" class=\"so-panel widget widget_black-studio-tinymce widget_black_studio_tinymce panel-first-child panel-last-child\" data-index=\"7\" ><div class=\"textwidget\"><p><img loading=\"lazy\" decoding=\"async\" class=\"aligncenter  wp-image-538\" src=\"https:\/\/choupinets.com\/wp-content\/uploads\/2023\/02\/elsa-e.jpg\" alt=\"elsa e\" width=\"188\" height=\"251\" \/><\/p>\n<\/div><\/div><\/div><\/div><\/div><div id=\"pg-gb84-69e1b339df655-3\"  class=\"panel-grid panel-has-style\" ><div class=\"siteorigin-panels-stretch panel-row-style panel-row-style-for-gb84-69e1b339df655-3\" data-stretch-type=\"full\" ><div id=\"pgc-gb84-69e1b339df655-3-0\"  class=\"panel-grid-cell\" ><div id=\"panel-gb84-69e1b339df655-3-0-0\" class=\"so-panel widget widget_black-studio-tinymce widget_black_studio_tinymce panel-first-child panel-last-child\" data-index=\"8\" ><div class=\"textwidget\"><h2 style=\"text-align: center;\"><span style=\"text-decoration: underline; color: #ff0000;\">En suppl\u00e9ment:<\/span><\/h2>\n<h2 style=\"text-align: center;\"><span style=\"color: #000000;\">P\u00eache \u00e0 la ligne (+3 euros par enfants\/3 cadeaux par enfants).<\/span><\/h2>\n<h2 style=\"text-align: center;\"><span style=\"color: #000000;\"> Distribution de cadeaux (+3 euros par enfants\/3 cadeaux par enfants).<\/span><\/h2>\n<p><img loading=\"lazy\" decoding=\"async\" class=\"aligncenter  wp-image-549\" src=\"https:\/\/choupinets.com\/wp-content\/uploads\/2023\/02\/oriental.gif\" alt=\"oriental\" width=\"105\" height=\"100\" \/><\/p>\n<h2 style=\"text-align: center;\"><span style=\"text-decoration: underline;\"><span style=\"color: #ff0000; text-decoration: underline;\">La dur\u00e9e:<\/span><\/span><\/h2>\n<h2 style=\"text-align: center;\">De 2 \u00e0 3 heures d&rsquo;animation.<\/h2>\n<p><img loading=\"lazy\" decoding=\"async\" class=\"aligncenter  wp-image-548\" src=\"https:\/\/choupinets.com\/wp-content\/uploads\/2023\/02\/pixar.gif\" alt=\"pixar\" width=\"102\" height=\"100\" \/><\/p>\n<h2 style=\"text-align: center;\"><span style=\"text-decoration: underline; color: #ff0000;\">Age conseill\u00e9: <\/span><\/h2>\n<h2 style=\"text-align: center;\"><span style=\"color: #000000;\">A partir de 5 ans.<\/span><\/h2>\n<h2 style=\"text-align: center;\"><span style=\"text-decoration: underline; color: #ff0000;\">Nombre d&rsquo;enfants maximum:<\/span><\/h2>\n<h2 style=\"text-align: center;\"><span style=\"color: #000000;\">15 (Pour plus de petits choupinets, nous contacter).<\/span><\/h2>\n<p><img loading=\"lazy\" decoding=\"async\" class=\"aligncenter  wp-image-547\" src=\"https:\/\/choupinets.com\/wp-content\/uploads\/2023\/02\/anna.gif\" alt=\"anna\" width=\"59\" height=\"101\" \/><\/p>\n<h2 style=\"text-align: center;\"><span style=\"text-decoration: underline;\"><span style=\"color: #ff0000; text-decoration: underline;\">Tarifs:<\/span><\/span><\/h2>\n<h2 style=\"text-align: center;\"><span style=\"color: #000000;\">Paris et petite couronne (d\u00e9partements 75, 92, 93, 94)<\/span><\/h2>\n<h2 style=\"text-align: center;\"><span style=\"color: #000000;\">2 heures: 190 euros.<\/span><\/h2>\n<h2 style=\"text-align: center;\"><span style=\"color: #000000;\">3 heures: 220 euros.<\/span><\/h2>\n<p>&nbsp;<\/p>\n<h2 style=\"text-align: center;\"><span style=\"color: #000000;\">Grande couronne (d\u00e9partements 77, 78, 91, 95)<\/span><\/h2>\n<h2 style=\"text-align: center;\"><span style=\"color: #000000;\">2 heures: 210 euros.<\/span><\/h2>\n<h2 style=\"text-align: center;\"><span style=\"color: #000000;\">3 heures: 240 euros.<\/span><\/h2>\n<p><img loading=\"lazy\" decoding=\"async\" class=\"aligncenter  wp-image-546\" src=\"https:\/\/choupinets.com\/wp-content\/uploads\/2023\/02\/elsa-reine-des-neiges.gif\" alt=\"elsa reine des neiges\" width=\"400\" height=\"200\" \/><\/p>\n<p style=\"text-align: center;\"><a class=\"button red\" href=\"https:\/\/choupinets.com\/index.php\/contact\/\">Forulaire de Contact<\/a><\/p>\n<h2 style=\"text-align: center;\"><span style=\"color: #000000;\">Contact par T\u00e9l\u00e9phone:<\/span><\/h2>\n<h2 style=\"text-align: center;\"><span style=\"color: #ff0000;\"><a style=\"color: #ff0000;\" href=\"tel:0780998142\" target=\"_blank\" rel=\"noopener\" data-rel=\"external\">07.80.99.81.42<\/a><\/span><\/h2>\n<p><a href=\"https:\/\/choupinets.com\/\"><img loading=\"lazy\" decoding=\"async\" class=\"aligncenter size-full wp-image-430\" src=\"https:\/\/choupinets.com\/wp-content\/uploads\/2023\/02\/ifon.gif\" alt=\"\" width=\"85\" height=\"24\" \/><br \/><\/a><\/p>\n<\/div><\/div><\/div><\/div><\/div><\/div>","protected":false},"excerpt":{"rendered":"<p>L&rsquo;animation: Pr\u00e9sentation de notre Animatrice. Transformation en Reine des neiges. Elsa fait son entr\u00e9e en chanson. Chasse au tr\u00e9sor (Olaf et sa famille ont disparu!) Confection d&rsquo;un Olaf pour chaque choupinet. Dancing et Jeux sur des musiques festives. Maquillage (Uniquement sur demande lors de votre r\u00e9servation).<\/p>\n","protected":false},"author":1,"featured_media":0,"parent":0,"menu_order":0,"comment_status":"closed","ping_status":"closed","template":"full-width-page.php","meta":{"footnotes":""},"class_list":["post-84","page","type-page","status-publish","hentry"],"_links":{"self":[{"href":"https:\/\/choupinets.com\/index.php\/wp-json\/wp\/v2\/pages\/84","targetHints":{"allow":["GET"]}}],"collection":[{"href":"https:\/\/choupinets.com\/index.php\/wp-json\/wp\/v2\/pages"}],"about":[{"href":"https:\/\/choupinets.com\/index.php\/wp-json\/wp\/v2\/types\/page"}],"author":[{"embeddable":true,"href":"https:\/\/choupinets.com\/index.php\/wp-json\/wp\/v2\/users\/1"}],"replies":[{"embeddable":true,"href":"https:\/\/choupinets.com\/index.php\/wp-json\/wp\/v2\/comments?post=84"}],"version-history":[{"count":16,"href":"https:\/\/choupinets.com\/index.php\/wp-json\/wp\/v2\/pages\/84\/revisions"}],"predecessor-version":[{"id":1294,"href":"https:\/\/choupinets.com\/index.php\/wp-json\/wp\/v2\/pages\/84\/revisions\/1294"}],"wp:attachment":[{"href":"https:\/\/choupinets.com\/index.php\/wp-json\/wp\/v2\/media?parent=84"}],"curies":[{"name":"wp","href":"https:\/\/api.w.org\/{rel}","templated":true}]}}