{"id":90,"date":"2023-01-31T10:53:33","date_gmt":"2023-01-31T09:53:33","guid":{"rendered":"http:\/\/choupinets.com\/?page_id=90"},"modified":"2024-03-19T07:39:26","modified_gmt":"2024-03-19T06:39:26","slug":"sosie-de-michael-jackson","status":"publish","type":"page","link":"https:\/\/choupinets.com\/index.php\/sosie-de-michael-jackson\/","title":{"rendered":"Sosie de Michael Jackson"},"content":{"rendered":"<div id=\"pl-gb90-69fddc6a598a1\"  class=\"panel-layout panel-layout\" ><div id=\"pg-gb90-69fddc6a598a1-0\"  class=\"panel-grid panel-has-style\" ><div class=\"siteorigin-panels-stretch panel-row-style panel-row-style-for-gb90-69fddc6a598a1-0\" data-stretch-type=\"full\" ><div id=\"pgc-gb90-69fddc6a598a1-0-0\"  class=\"panel-grid-cell\" ><div id=\"panel-gb90-69fddc6a598a1-0-0-0\" class=\"so-panel widget widget_black-studio-tinymce widget_black_studio_tinymce panel-first-child panel-last-child\" data-index=\"0\" ><div class=\"textwidget\"><h1 style=\"text-align: center;\"><span style=\"text-decoration: underline; color: #000000;\"><em>Wes Jackson<\/em><\/span><\/h1>\n<h2 style=\"text-align: center;\"><span style=\"color: #3366ff;\">Sosie de Michael Jackson<\/span><\/h2>\n<p><img loading=\"lazy\" decoding=\"async\" class=\"aligncenter  wp-image-1113\" src=\"https:\/\/choupinets.com\/wp-content\/uploads\/2023\/02\/michael-jackson-en-vie.gif\" alt=\"michael jackson en vie\" width=\"366\" height=\"110\" \/><\/p>\n<h2 style=\"text-align: center;\"><span style=\"text-decoration: underline; color: #000000;\"><strong>Le n\u00b01 en France !<\/strong><\/span><\/h2>\n<\/div><\/div><\/div><div id=\"pgc-gb90-69fddc6a598a1-0-1\"  class=\"panel-grid-cell\" ><div id=\"panel-gb90-69fddc6a598a1-0-1-0\" class=\"so-panel widget widget_black-studio-tinymce widget_black_studio_tinymce panel-first-child panel-last-child\" data-index=\"1\" ><div class=\"textwidget\"><p><style><!-- .embed-container { position: relative; padding-bottom: 56.25%; padding-top: 30px; height: 0; overflow: hidden; max-width: 100%; height: auto; } .embed-container iframe, .embed-container object, .embed-container embed { position: absolute; top: 0; left: 0; width: 100%; height: 100%; } --><\/style>\n<\/p>\n<div class=\"embed-container\"><iframe loading=\"lazy\" src=\"http:\/\/www.youtube.com\/embed\/UFbj2Gh7vOw\" width=\"640\" height=\"480\" frameborder=\"0\" allowfullscreen=\"allowfullscreen\"><\/iframe><\/div>\n<\/div><\/div><\/div><\/div><\/div><div id=\"pg-gb90-69fddc6a598a1-1\"  class=\"panel-grid panel-has-style\" ><div class=\"siteorigin-panels-stretch panel-row-style panel-row-style-for-gb90-69fddc6a598a1-1\" data-stretch-type=\"full\" ><div id=\"pgc-gb90-69fddc6a598a1-1-0\"  class=\"panel-grid-cell\" ><div id=\"panel-gb90-69fddc6a598a1-1-0-0\" class=\"so-panel widget widget_black-studio-tinymce widget_black_studio_tinymce panel-first-child panel-last-child\" data-index=\"2\" ><div class=\"textwidget\"><h2><img loading=\"lazy\" decoding=\"async\" class=\"aligncenter  wp-image-946\" src=\"https:\/\/choupinets.com\/wp-content\/uploads\/2023\/02\/yahoo.gif\" alt=\"yahoo\" width=\"345\" height=\"6\" \/><\/h2>\n<h2 style=\"text-align: center;\"><span style=\"color: #000000;\">Faisons revivre la l\u00e9gende&#8230;<\/span><\/h2>\n<h2><img loading=\"lazy\" decoding=\"async\" class=\"aligncenter  wp-image-946\" src=\"https:\/\/choupinets.com\/wp-content\/uploads\/2023\/02\/yahoo.gif\" alt=\"yahoo\" width=\"345\" height=\"6\" \/><\/h2>\n<p>&nbsp;<\/p>\n<h2 style=\"text-align: center;\"><span style=\"text-decoration: underline; color: #3366ff;\">Wes Jackson<\/span><\/h2>\n<h2 style=\"text-align: center;\"><span style=\"color: #000000;\">Originaire de Paris, c&rsquo;est \u00e0 l&rsquo;age de 7 ans que Wes Jackson d\u00e9couvre le King of Pop \u00ab\u00a0Michael Jackson\u00a0\u00bb gr\u00e2ce \u00e0 sa m\u00e8re qui lui avait Donn\u00e9 gout d\u00e8s sa plus jeune enfance \u00e0 \u00e9couter les chansons de Michael Jackson.<\/span><\/h2>\n<h2 style=\"text-align: center;\"><span style=\"color: #000000;\">Adolescent, il prend concience du v\u00e9ritable Talent du roi de la pop &#8230;. Sa vocation est n\u00e9e : il sera sosie de Michael Jackson.<\/span><\/h2>\n<h2 style=\"text-align: center;\"><span style=\"color: #000000;\">\u00c9tudiant, il commence \u00e0 se produire lors des festivit\u00e9s de son coll\u00e8ge et au seins de sa ville.<\/span><\/h2>\n<h2 style=\"text-align: center;\"><span style=\"color: #000000;\">Ses \u00e9tudes termin\u00e9es , et muni d&rsquo;un dipl\u00f4me de prof de sport il rentre dans la vie active et continu ses show de sosie de Michael Jackson, mais encore tr\u00e8s ocasionel.<\/span><\/h2>\n<h2 style=\"text-align: center;\"><span style=\"color: #000000;\">Plus tard, rong\u00e9 par le d\u00e9mon de la pop, il ne tarde pas \u00e0 abandonner sa routine quotidienne, pour devenir \u00e0 temps plein :<\/span><\/h2>\n<h2 style=\"text-align: center;\"><span style=\"color: #000000;\">Sosie de Michael Jackson !!!<\/span><\/h2>\n<\/div><\/div><\/div><\/div><\/div><div id=\"pg-gb90-69fddc6a598a1-2\"  class=\"panel-grid panel-has-style\" ><div class=\"siteorigin-panels-stretch panel-row-style panel-row-style-for-gb90-69fddc6a598a1-2\" data-stretch-type=\"full\" ><div id=\"pgc-gb90-69fddc6a598a1-2-0\"  class=\"panel-grid-cell\" ><div id=\"panel-gb90-69fddc6a598a1-2-0-0\" class=\"so-panel widget widget_black-studio-tinymce widget_black_studio_tinymce panel-first-child panel-last-child\" data-index=\"3\" ><div class=\"textwidget\"><p><img loading=\"lazy\" decoding=\"async\" class=\"aligncenter  wp-image-1126\" src=\"https:\/\/choupinets.com\/wp-content\/uploads\/2023\/02\/sosie-francais-de-Michael-Jackson.jpg\" alt=\"sosie francais de Michael J\" width=\"199\" height=\"300\" srcset=\"https:\/\/choupinets.com\/wp-content\/uploads\/2023\/02\/sosie-francais-de-Michael-Jackson.jpg 399w, https:\/\/choupinets.com\/wp-content\/uploads\/2023\/02\/sosie-francais-de-Michael-Jackson-200x300.jpg 200w, https:\/\/choupinets.com\/wp-content\/uploads\/2023\/02\/sosie-francais-de-Michael-Jackson-300x451.jpg 300w\" sizes=\"auto, (max-width: 199px) 100vw, 199px\" \/><\/p>\n<\/div><\/div><\/div><div id=\"pgc-gb90-69fddc6a598a1-2-1\"  class=\"panel-grid-cell\" ><div id=\"panel-gb90-69fddc6a598a1-2-1-0\" class=\"so-panel widget widget_black-studio-tinymce widget_black_studio_tinymce panel-first-child panel-last-child\" data-index=\"4\" ><div class=\"textwidget\"><p><img loading=\"lazy\" decoding=\"async\" class=\"aligncenter  wp-image-1098\" src=\"https:\/\/choupinets.com\/wp-content\/uploads\/2023\/02\/sosie-de-michael-jackson.jpg\" alt=\"sosie de michael jackson\" width=\"222\" height=\"300\" srcset=\"https:\/\/choupinets.com\/wp-content\/uploads\/2023\/02\/sosie-de-michael-jackson.jpg 444w, https:\/\/choupinets.com\/wp-content\/uploads\/2023\/02\/sosie-de-michael-jackson-222x300.jpg 222w, https:\/\/choupinets.com\/wp-content\/uploads\/2023\/02\/sosie-de-michael-jackson-300x405.jpg 300w\" sizes=\"auto, (max-width: 222px) 100vw, 222px\" \/><\/p>\n<\/div><\/div><\/div><div id=\"pgc-gb90-69fddc6a598a1-2-2\"  class=\"panel-grid-cell\" ><div id=\"panel-gb90-69fddc6a598a1-2-2-0\" class=\"so-panel widget widget_black-studio-tinymce widget_black_studio_tinymce panel-first-child panel-last-child\" data-index=\"5\" ><div class=\"textwidget\"><p><img loading=\"lazy\" decoding=\"async\" class=\"aligncenter  wp-image-1128\" src=\"https:\/\/choupinets.com\/wp-content\/uploads\/2023\/02\/sosie-officiel-de-Michael-Jackson.jpg\" alt=\"sosie officiel de Michael Jackson\" width=\"200\" height=\"300\" srcset=\"https:\/\/choupinets.com\/wp-content\/uploads\/2023\/02\/sosie-officiel-de-Michael-Jackson.jpg 399w, https:\/\/choupinets.com\/wp-content\/uploads\/2023\/02\/sosie-officiel-de-Michael-Jackson-200x300.jpg 200w, https:\/\/choupinets.com\/wp-content\/uploads\/2023\/02\/sosie-officiel-de-Michael-Jackson-300x451.jpg 300w\" sizes=\"auto, (max-width: 200px) 100vw, 200px\" \/><\/p>\n<\/div><\/div><\/div><\/div><\/div><div id=\"pg-gb90-69fddc6a598a1-3\"  class=\"panel-grid panel-has-style\" ><div class=\"siteorigin-panels-stretch panel-row-style panel-row-style-for-gb90-69fddc6a598a1-3\" data-stretch-type=\"full\" ><div id=\"pgc-gb90-69fddc6a598a1-3-0\"  class=\"panel-grid-cell\" ><div id=\"panel-gb90-69fddc6a598a1-3-0-0\" class=\"so-panel widget widget_black-studio-tinymce widget_black_studio_tinymce panel-first-child panel-last-child\" data-index=\"6\" ><div class=\"textwidget\"><h2 style=\"text-align: center;\"><span style=\"text-decoration: underline; color: #3366ff;\">Le Show :<\/span><\/h2>\n<h2 style=\"text-align: center;\"><span style=\"color: #000000;\">Lors de son Spectacle, Wes Jackson, vous fera revivre en chansons, et au travers de chor\u00e9graphies \u00e9poustouflantes, les plus grands tubes du King of Pop.<\/span><\/h2>\n<h2 style=\"text-align: center;\"><span style=\"color: #000000;\">Un show cent pour cent pop, qui vous donera une irr\u00e9sistible envie de danser et de taper dans vos mains.<\/span><\/h2>\n<h2 style=\"text-align: center;\"><span style=\"color: #000000;\">Alors faites place au Moonwalk !!!<\/span><\/h2>\n<p>&nbsp;<\/p>\n<h2 style=\"text-align: center;\"><span style=\"text-decoration: underline; color: #3366ff;\">Formule n\u00b01 :<\/span><\/h2>\n<h2 style=\"text-align: center;\"><span style=\"color: #000000;\">Show sosie de MJ + 1 Danseuse &#8211; 1 passage (15 minutes)<\/span><\/h2>\n<h2 style=\"text-align: center;\"><span style=\"color: #000000;\">S\u00e9ance photos avec Wes Jackson apr\u00e8s le show.<\/span><\/h2>\n<h2 style=\"text-align: center;\"><span style=\"text-decoration: underline; color: #3366ff;\">Formule n\u00b02 :<\/span><\/h2>\n<h2 style=\"text-align: center;\"><span style=\"color: #000000;\">Show sosie de MJ + 1 Danseuse &#8211; 2 passages (30 minutes)<\/span><\/h2>\n<h2 style=\"text-align: center;\"><span style=\"color: #000000;\">S\u00e9ance photos avec Wes Jackson apr\u00e8s le show.<\/span><\/h2>\n<h2 style=\"text-align: center;\"><span style=\"text-decoration: underline; color: #3366ff;\">Formule n\u00b03 :<\/span><\/h2>\n<h2 style=\"text-align: center;\"><span style=\"color: #000000;\">formule personnalis\u00e9e. ( Indiquer la dur\u00e9e du show que vous d\u00e9sirez par t\u00e8l ou par mail.)<\/span><\/h2>\n<h2 style=\"text-align: center;\"><span style=\"color: #000000;\">S\u00e9ance photos avec Wes Jackson apr\u00e8s le show.<\/span><\/h2>\n<p>&nbsp;<\/p>\n<h2 style=\"text-align: center;\"><span style=\"text-decoration: underline; color: #3366ff;\">Tarif:<\/span><\/h2>\n<h2 style=\"text-align: center;\"><span style=\"color: #000000;\">Prestations partout en France<\/span><\/h2>\n<h2 style=\"text-align: center;\"><span style=\"color: #000000;\">Devis par t\u00e8l ou par mail.<\/span><\/h2>\n<h2 style=\"text-align: center;\"><span style=\"color: #000000;\">Tarifs d\u00e9gressifs \u00e0 partir de 3 spectacles dans l&rsquo;ann\u00e9e<\/span><\/h2>\n<\/div><\/div><\/div><\/div><\/div><div id=\"pg-gb90-69fddc6a598a1-4\"  class=\"panel-grid panel-has-style\" ><div class=\"siteorigin-panels-stretch panel-row-style panel-row-style-for-gb90-69fddc6a598a1-4\" data-stretch-type=\"full\" ><div id=\"pgc-gb90-69fddc6a598a1-4-0\"  class=\"panel-grid-cell\" ><div id=\"panel-gb90-69fddc6a598a1-4-0-0\" class=\"so-panel widget widget_black-studio-tinymce widget_black_studio_tinymce panel-first-child panel-last-child\" data-index=\"7\" ><div class=\"textwidget\"><p><img loading=\"lazy\" decoding=\"async\" class=\"aligncenter  wp-image-1132\" src=\"https:\/\/choupinets.com\/wp-content\/uploads\/2023\/02\/meilleur-sosie-de-Michael-Jackson.jpg\" alt=\"meilleur sosie de Michael \" width=\"200\" height=\"300\" srcset=\"https:\/\/choupinets.com\/wp-content\/uploads\/2023\/02\/meilleur-sosie-de-Michael-Jackson.jpg 399w, https:\/\/choupinets.com\/wp-content\/uploads\/2023\/02\/meilleur-sosie-de-Michael-Jackson-200x300.jpg 200w, https:\/\/choupinets.com\/wp-content\/uploads\/2023\/02\/meilleur-sosie-de-Michael-Jackson-300x451.jpg 300w\" sizes=\"auto, (max-width: 200px) 100vw, 200px\" \/><\/p>\n<\/div><\/div><\/div><div id=\"pgc-gb90-69fddc6a598a1-4-1\"  class=\"panel-grid-cell\" ><div id=\"panel-gb90-69fddc6a598a1-4-1-0\" class=\"so-panel widget widget_black-studio-tinymce widget_black_studio_tinymce panel-first-child panel-last-child\" data-index=\"8\" ><div class=\"textwidget\"><p><img loading=\"lazy\" decoding=\"async\" class=\"aligncenter  wp-image-1134\" src=\"https:\/\/choupinets.com\/wp-content\/uploads\/2023\/02\/sosie-de-Michael-Jackson-en-France.jpg\" alt=\"sosie de Michael Jackson en France\" width=\"200\" height=\"300\" srcset=\"https:\/\/choupinets.com\/wp-content\/uploads\/2023\/02\/sosie-de-Michael-Jackson-en-France.jpg 399w, https:\/\/choupinets.com\/wp-content\/uploads\/2023\/02\/sosie-de-Michael-Jackson-en-France-200x300.jpg 200w, https:\/\/choupinets.com\/wp-content\/uploads\/2023\/02\/sosie-de-Michael-Jackson-en-France-300x451.jpg 300w\" sizes=\"auto, (max-width: 200px) 100vw, 200px\" \/><\/p>\n<\/div><\/div><\/div><div id=\"pgc-gb90-69fddc6a598a1-4-2\"  class=\"panel-grid-cell\" ><div id=\"panel-gb90-69fddc6a598a1-4-2-0\" class=\"so-panel widget widget_black-studio-tinymce widget_black_studio_tinymce panel-first-child panel-last-child\" data-index=\"9\" ><div class=\"textwidget\"><p><img loading=\"lazy\" decoding=\"async\" class=\"aligncenter  wp-image-1135\" src=\"https:\/\/choupinets.com\/wp-content\/uploads\/2023\/02\/sosie-de-Michael-Jackson-a-Paris.jpg\" alt=\"sosie de Michael Jackson \" width=\"200\" height=\"300\" srcset=\"https:\/\/choupinets.com\/wp-content\/uploads\/2023\/02\/sosie-de-Michael-Jackson-a-Paris.jpg 399w, https:\/\/choupinets.com\/wp-content\/uploads\/2023\/02\/sosie-de-Michael-Jackson-a-Paris-200x300.jpg 200w, https:\/\/choupinets.com\/wp-content\/uploads\/2023\/02\/sosie-de-Michael-Jackson-a-Paris-300x451.jpg 300w\" sizes=\"auto, (max-width: 200px) 100vw, 200px\" \/><\/p>\n<\/div><\/div><\/div><\/div><\/div><div id=\"pg-gb90-69fddc6a598a1-5\"  class=\"panel-grid panel-has-style\" ><div class=\"siteorigin-panels-stretch panel-row-style panel-row-style-for-gb90-69fddc6a598a1-5\" data-stretch-type=\"full\" ><div id=\"pgc-gb90-69fddc6a598a1-5-0\"  class=\"panel-grid-cell\" ><div id=\"panel-gb90-69fddc6a598a1-5-0-0\" class=\"so-panel widget widget_black-studio-tinymce widget_black_studio_tinymce panel-first-child panel-last-child\" data-index=\"10\" ><div class=\"textwidget\"><h2><img loading=\"lazy\" decoding=\"async\" class=\"aligncenter  wp-image-946\" src=\"https:\/\/choupinets.com\/wp-content\/uploads\/2023\/02\/yahoo.gif\" alt=\"yahoo\" width=\"460\" height=\"8\" \/><\/h2>\n<h2 style=\"text-align: center;\"><span style=\"color: #000000;\">Alors mettez de la Pop dans vos soir\u00e9es !!!<\/span><\/h2>\n<h2><img loading=\"lazy\" decoding=\"async\" class=\"aligncenter  wp-image-946\" src=\"https:\/\/choupinets.com\/wp-content\/uploads\/2023\/02\/yahoo.gif\" alt=\"yahoo\" width=\"460\" height=\"8\" \/><\/h2>\n<p>&nbsp;<\/p>\n<p><img loading=\"lazy\" decoding=\"async\" class=\"aligncenter  wp-image-360\" src=\"https:\/\/choupinets.com\/wp-content\/uploads\/2023\/01\/sosie-international-de-Michael-Jackson.jpg\" alt=\"sosie international de Michael Jackson\" width=\"200\" height=\"300\" srcset=\"https:\/\/choupinets.com\/wp-content\/uploads\/2023\/01\/sosie-international-de-Michael-Jackson-199x300.jpg 199w, https:\/\/choupinets.com\/wp-content\/uploads\/2023\/01\/sosie-international-de-Michael-Jackson-300x452.jpg 300w\" sizes=\"auto, (max-width: 200px) 100vw, 200px\" \/><\/p>\n<p style=\"text-align: center;\"><a class=\"button red\" href=\"https:\/\/choupinets.com\/index.php\/contact\/\">Forulaire de Contact<\/a><\/p>\n<h2 style=\"text-align: center;\"><span style=\"color: #000000;\">Contact par T\u00e9l\u00e9phone:<\/span><\/h2>\n<h2 style=\"text-align: center;\"><span style=\"color: #ff0000;\"><a style=\"color: #ff0000;\" href=\"tel:0780998142\" target=\"_blank\" rel=\"noopener\" data-rel=\"external\">07.80.99.81.42<\/a><\/span><\/h2>\n<p><a href=\"https:\/\/choupinets.com\/\"><img loading=\"lazy\" decoding=\"async\" class=\"aligncenter wp-image-798 size-full\" src=\"https:\/\/choupinets.com\/wp-content\/uploads\/2023\/02\/this-is-it.gif\" alt=\"this is it\" width=\"75\" height=\"42\" \/><\/a><\/p>\n<p>&nbsp;<\/p>\n<\/div><\/div><\/div><\/div><\/div><\/div>","protected":false},"excerpt":{"rendered":"<p>Wes Jackson Sosie de Michael Jackson Le n\u00b01 en France ! Faisons revivre la l\u00e9gende&#8230; &nbsp; Wes Jackson Originaire de Paris, c&rsquo;est \u00e0 l&rsquo;age de 7 ans que Wes Jackson d\u00e9couvre le King of Pop \u00ab\u00a0Michael Jackson\u00a0\u00bb gr\u00e2ce \u00e0 sa m\u00e8re qui lui avait Donn\u00e9 gout d\u00e8s sa plus jeune enfance \u00e0 \u00e9couter les chansons&#8230;<\/p>\n","protected":false},"author":1,"featured_media":0,"parent":0,"menu_order":0,"comment_status":"closed","ping_status":"closed","template":"full-width-page.php","meta":{"footnotes":""},"class_list":["post-90","page","type-page","status-publish","hentry"],"_links":{"self":[{"href":"https:\/\/choupinets.com\/index.php\/wp-json\/wp\/v2\/pages\/90","targetHints":{"allow":["GET"]}}],"collection":[{"href":"https:\/\/choupinets.com\/index.php\/wp-json\/wp\/v2\/pages"}],"about":[{"href":"https:\/\/choupinets.com\/index.php\/wp-json\/wp\/v2\/types\/page"}],"author":[{"embeddable":true,"href":"https:\/\/choupinets.com\/index.php\/wp-json\/wp\/v2\/users\/1"}],"replies":[{"embeddable":true,"href":"https:\/\/choupinets.com\/index.php\/wp-json\/wp\/v2\/comments?post=90"}],"version-history":[{"count":42,"href":"https:\/\/choupinets.com\/index.php\/wp-json\/wp\/v2\/pages\/90\/revisions"}],"predecessor-version":[{"id":1266,"href":"https:\/\/choupinets.com\/index.php\/wp-json\/wp\/v2\/pages\/90\/revisions\/1266"}],"wp:attachment":[{"href":"https:\/\/choupinets.com\/index.php\/wp-json\/wp\/v2\/media?parent=90"}],"curies":[{"name":"wp","href":"https:\/\/api.w.org\/{rel}","templated":true}]}}