{"id":94,"date":"2023-01-31T10:54:29","date_gmt":"2023-01-31T09:54:29","guid":{"rendered":"http:\/\/choupinets.com\/?page_id=94"},"modified":"2023-02-07T17:01:44","modified_gmt":"2023-02-07T16:01:44","slug":"qui-sommes-nous","status":"publish","type":"page","link":"https:\/\/choupinets.com\/index.php\/qui-sommes-nous\/","title":{"rendered":"Qui sommes nous"},"content":{"rendered":"<div id=\"pl-gb94-69e158522e6fe\"  class=\"panel-layout\" ><div id=\"pg-gb94-69e158522e6fe-0\"  class=\"panel-grid panel-has-style\" ><div class=\"siteorigin-panels-stretch panel-row-style panel-row-style-for-gb94-69e158522e6fe-0\" data-stretch-type=\"full\" ><div id=\"pgc-gb94-69e158522e6fe-0-0\"  class=\"panel-grid-cell\" ><div id=\"panel-gb94-69e158522e6fe-0-0-0\" class=\"so-panel widget widget_black-studio-tinymce widget_black_studio_tinymce panel-first-child panel-last-child\" data-index=\"0\" ><div class=\"textwidget\"><h1 style=\"text-align: center;\"><span style=\"text-decoration: underline; color: #000000;\"><em>Qui sommes nous ?<\/em><\/span><\/h1>\n<\/div><\/div><\/div><\/div><\/div><div id=\"pg-gb94-69e158522e6fe-1\"  class=\"panel-grid panel-has-style\" ><div class=\"siteorigin-panels-stretch panel-row-style panel-row-style-for-gb94-69e158522e6fe-1\" data-stretch-type=\"full\" ><div id=\"pgc-gb94-69e158522e6fe-1-0\"  class=\"panel-grid-cell\" ><div id=\"panel-gb94-69e158522e6fe-1-0-0\" class=\"so-panel widget widget_black-studio-tinymce widget_black_studio_tinymce panel-first-child panel-last-child\" data-index=\"1\" ><div class=\"textwidget\"><p style=\"text-align: center;\"><strong><span style=\"color: #000000;\">\u00ab Choupinets \u00bb est la concr\u00e9tisation d\u2019un projet qui a \u00e9t\u00e9 imagin\u00e9 par Wes Jackson (sosie officiel de Michael Jackson) \u00e0 la fin des ann\u00e9es 90.<\/span><\/strong><\/p>\n<p style=\"text-align: center;\"><strong><span style=\"color: #000000;\">L\u2019id\u00e9e \u00e9tait non pas de recruter de simples animateurs munis d\u2019un B.A.F.A, mais de faire appel \u00e0 de r\u00e9els artistes du spectacle pour mettre \u00e0 profit leurs exp\u00e9riences de danseurs, chanteurs, com\u00e9diens etc\u2026 dans l\u2019organisation d\u2019anniversaires d\u2019enfants.<\/span><\/strong><\/p>\n<p style=\"text-align: center;\"><strong><span style=\"color: #000000;\">Pour ce faire, Wes Jackson fait appel \u00e0 ses connaissances dans le milieu artistique. Plusieurs artistes r\u00e9pondent pr\u00e9sents, mais seuls ceux ayant une grande exp\u00e9rience avec les enfants seront retenus et une formation interne de qualit\u00e9 leur sera dispens\u00e9e.<\/span><\/strong><\/p>\n<p style=\"text-align: center;\"><strong><span style=\"color: #000000;\">Gr\u00e2ce \u00e0 notre professionnalisme et nos animations compl\u00e9tement novatrices dans le domaine de l\u2019animation pour enfants. Le succ\u00e8s f\u00fbt instantan\u00e9.<\/span><\/strong><\/p>\n<p style=\"text-align: center;\"><strong><span style=\"color: #000000;\">Aujourd\u2019hui, \u00ab Choupinets \u00bb c\u2019est plus de 5000 anniversaires et plus de 100 000 enfants \u00e9merveill\u00e9s.<\/span><\/strong><\/p>\n<\/div><\/div><\/div><div id=\"pgc-gb94-69e158522e6fe-1-1\"  class=\"panel-grid-cell\" ><div id=\"panel-gb94-69e158522e6fe-1-1-0\" class=\"so-panel widget widget_black-studio-tinymce widget_black_studio_tinymce panel-first-child panel-last-child\" data-index=\"2\" ><div class=\"textwidget\"><p><img loading=\"lazy\" decoding=\"async\" class=\"aligncenter  wp-image-360\" src=\"https:\/\/choupinets.com\/wp-content\/uploads\/2023\/01\/sosie-international-de-Michael-Jackson.jpg\" alt=\"sosie international de Michael Jackson\" width=\"332\" height=\"501\" srcset=\"https:\/\/choupinets.com\/wp-content\/uploads\/2023\/01\/sosie-international-de-Michael-Jackson.jpg 398w, https:\/\/choupinets.com\/wp-content\/uploads\/2023\/01\/sosie-international-de-Michael-Jackson-199x300.jpg 199w, https:\/\/choupinets.com\/wp-content\/uploads\/2023\/01\/sosie-international-de-Michael-Jackson-300x452.jpg 300w\" sizes=\"auto, (max-width: 332px) 100vw, 332px\" \/><\/p>\n<\/div><\/div><\/div><\/div><\/div><div id=\"pg-gb94-69e158522e6fe-2\"  class=\"panel-grid panel-has-style\" ><div class=\"siteorigin-panels-stretch panel-row-style panel-row-style-for-gb94-69e158522e6fe-2\" data-stretch-type=\"full\" ><div id=\"pgc-gb94-69e158522e6fe-2-0\"  class=\"panel-grid-cell\" ><div id=\"panel-gb94-69e158522e6fe-2-0-0\" class=\"so-panel widget widget_black-studio-tinymce widget_black_studio_tinymce panel-first-child panel-last-child\" data-index=\"3\" ><div class=\"textwidget\"><p><img loading=\"lazy\" decoding=\"async\" class=\"aligncenter size-full wp-image-946\" src=\"https:\/\/choupinets.com\/wp-content\/uploads\/2023\/02\/yahoo.gif\" alt=\"yahoo\" width=\"575\" height=\"10\" \/><\/p>\n<\/div><\/div><\/div><\/div><\/div><div id=\"pg-gb94-69e158522e6fe-3\"  class=\"panel-grid panel-has-style\" ><div class=\"siteorigin-panels-stretch panel-row-style panel-row-style-for-gb94-69e158522e6fe-3\" data-stretch-type=\"full\" ><div id=\"pgc-gb94-69e158522e6fe-3-0\"  class=\"panel-grid-cell\" ><div id=\"panel-gb94-69e158522e6fe-3-0-0\" class=\"so-panel widget widget_black-studio-tinymce widget_black_studio_tinymce panel-first-child panel-last-child\" data-index=\"4\" ><div class=\"textwidget\"><p style=\"text-align: center;\"><a class=\"button red\" href=\"https:\/\/choupinets.com\/index.php\/contact\/\">Forulaire de Contact<\/a><\/p>\n<h2 style=\"text-align: center;\"><span style=\"color: #000000;\">Contact par T\u00e9l\u00e9phone:<\/span><\/h2>\n<h2 style=\"text-align: center;\"><span style=\"color: #ff0000;\"><a style=\"color: #ff0000;\" href=\"tel:0669259894\" target=\"_blank\" rel=\"noopener\" data-rel=\"external\">06.69.25.98.94<\/a><\/span><\/h2>\n<p><a href=\"https:\/\/choupinets.com\/\"><img loading=\"lazy\" decoding=\"async\" class=\"aligncenter size-full wp-image-399\" src=\"https:\/\/choupinets.com\/wp-content\/uploads\/2023\/02\/lady-gaga.gif\" alt=\"lady gaga\" width=\"45\" height=\"45\" \/><\/a><\/p>\n<\/div><\/div><\/div><\/div><\/div><\/div>","protected":false},"excerpt":{"rendered":"<p>Qui sommes nous ? \u00ab Choupinets \u00bb est la concr\u00e9tisation d\u2019un projet qui a \u00e9t\u00e9 imagin\u00e9 par Wes Jackson (sosie officiel de Michael Jackson) \u00e0 la fin des ann\u00e9es 90. L\u2019id\u00e9e \u00e9tait non pas de recruter de simples animateurs munis d\u2019un B.A.F.A, mais de faire appel \u00e0 de r\u00e9els artistes du spectacle pour mettre \u00e0&#8230;<\/p>\n","protected":false},"author":1,"featured_media":0,"parent":0,"menu_order":0,"comment_status":"closed","ping_status":"closed","template":"full-width-page.php","meta":{"footnotes":""},"class_list":["post-94","page","type-page","status-publish","hentry"],"_links":{"self":[{"href":"https:\/\/choupinets.com\/index.php\/wp-json\/wp\/v2\/pages\/94","targetHints":{"allow":["GET"]}}],"collection":[{"href":"https:\/\/choupinets.com\/index.php\/wp-json\/wp\/v2\/pages"}],"about":[{"href":"https:\/\/choupinets.com\/index.php\/wp-json\/wp\/v2\/types\/page"}],"author":[{"embeddable":true,"href":"https:\/\/choupinets.com\/index.php\/wp-json\/wp\/v2\/users\/1"}],"replies":[{"embeddable":true,"href":"https:\/\/choupinets.com\/index.php\/wp-json\/wp\/v2\/comments?post=94"}],"version-history":[{"count":9,"href":"https:\/\/choupinets.com\/index.php\/wp-json\/wp\/v2\/pages\/94\/revisions"}],"predecessor-version":[{"id":1034,"href":"https:\/\/choupinets.com\/index.php\/wp-json\/wp\/v2\/pages\/94\/revisions\/1034"}],"wp:attachment":[{"href":"https:\/\/choupinets.com\/index.php\/wp-json\/wp\/v2\/media?parent=94"}],"curies":[{"name":"wp","href":"https:\/\/api.w.org\/{rel}","templated":true}]}}