{"id":96,"date":"2023-01-31T10:54:57","date_gmt":"2023-01-31T09:54:57","guid":{"rendered":"http:\/\/choupinets.com\/?page_id=96"},"modified":"2023-02-06T18:52:41","modified_gmt":"2023-02-06T17:52:41","slug":"references","status":"publish","type":"page","link":"https:\/\/choupinets.com\/index.php\/references\/","title":{"rendered":"R\u00e9f\u00e9rences"},"content":{"rendered":"<div id=\"pl-gb96-69f8a28b78610\"  class=\"panel-layout\" ><div id=\"pg-gb96-69f8a28b78610-0\"  class=\"panel-grid panel-has-style\" ><div class=\"siteorigin-panels-stretch panel-row-style panel-row-style-for-gb96-69f8a28b78610-0\" data-stretch-type=\"full\" ><div id=\"pgc-gb96-69f8a28b78610-0-0\"  class=\"panel-grid-cell\" ><div id=\"panel-gb96-69f8a28b78610-0-0-0\" class=\"so-panel widget widget_black-studio-tinymce widget_black_studio_tinymce panel-first-child panel-last-child\" data-index=\"0\" ><div class=\"textwidget\"><h1 style=\"text-align: center;\"><span style=\"text-decoration: underline;\"><span style=\"color: #000000; text-decoration: underline;\">Nos R\u00e9f\u00e9rences:<\/span><\/span><\/h1>\n<h2 style=\"text-align: center;\"><span style=\"color: #000000;\">Ci-dessous, quelques grandes enseignes qui ont d\u00e9j\u00e0 eu confiance en nous.<\/span><\/h2>\n<\/div><\/div><\/div><\/div><\/div><div id=\"pg-gb96-69f8a28b78610-1\"  class=\"panel-grid panel-has-style\" ><div class=\"siteorigin-panels-stretch panel-row-style panel-row-style-for-gb96-69f8a28b78610-1\" data-stretch-type=\"full\" ><div id=\"pgc-gb96-69f8a28b78610-1-0\"  class=\"panel-grid-cell\" ><div id=\"panel-gb96-69f8a28b78610-1-0-0\" class=\"so-panel widget widget_black-studio-tinymce widget_black_studio_tinymce panel-first-child panel-last-child\" data-index=\"1\" ><div class=\"textwidget\"><p><img loading=\"lazy\" decoding=\"async\" class=\"aligncenter  wp-image-558\" src=\"https:\/\/choupinets.com\/wp-content\/uploads\/2023\/02\/tf1-a.jpg\" alt=\"tf1 a\" width=\"120\" height=\"120\" srcset=\"https:\/\/choupinets.com\/wp-content\/uploads\/2023\/02\/tf1-a.jpg 225w, https:\/\/choupinets.com\/wp-content\/uploads\/2023\/02\/tf1-a-150x150.jpg 150w\" sizes=\"auto, (max-width: 120px) 100vw, 120px\" \/><\/p>\n<\/div><\/div><\/div><div id=\"pgc-gb96-69f8a28b78610-1-1\"  class=\"panel-grid-cell\" ><div id=\"panel-gb96-69f8a28b78610-1-1-0\" class=\"so-panel widget widget_black-studio-tinymce widget_black_studio_tinymce panel-first-child panel-last-child\" data-index=\"2\" ><div class=\"textwidget\"><p><img loading=\"lazy\" decoding=\"async\" class=\"aligncenter  wp-image-559\" src=\"https:\/\/choupinets.com\/wp-content\/uploads\/2023\/02\/quick-a.jpg\" alt=\"quick a\" width=\"120\" height=\"120\" srcset=\"https:\/\/choupinets.com\/wp-content\/uploads\/2023\/02\/quick-a.jpg 225w, https:\/\/choupinets.com\/wp-content\/uploads\/2023\/02\/quick-a-150x150.jpg 150w\" sizes=\"auto, (max-width: 120px) 100vw, 120px\" \/><\/p>\n<\/div><\/div><\/div><div id=\"pgc-gb96-69f8a28b78610-1-2\"  class=\"panel-grid-cell\" ><div id=\"panel-gb96-69f8a28b78610-1-2-0\" class=\"so-panel widget widget_black-studio-tinymce widget_black_studio_tinymce panel-first-child panel-last-child\" data-index=\"3\" ><div class=\"textwidget\"><p><img loading=\"lazy\" decoding=\"async\" class=\"aligncenter  wp-image-561\" src=\"https:\/\/choupinets.com\/wp-content\/uploads\/2023\/02\/nrj12.jpg\" alt=\"nrj12\" width=\"120\" height=\"120\" srcset=\"https:\/\/choupinets.com\/wp-content\/uploads\/2023\/02\/nrj12.jpg 225w, https:\/\/choupinets.com\/wp-content\/uploads\/2023\/02\/nrj12-150x150.jpg 150w\" sizes=\"auto, (max-width: 120px) 100vw, 120px\" \/><\/p>\n<\/div><\/div><\/div><div id=\"pgc-gb96-69f8a28b78610-1-3\"  class=\"panel-grid-cell\" ><div id=\"panel-gb96-69f8a28b78610-1-3-0\" class=\"so-panel widget widget_black-studio-tinymce widget_black_studio_tinymce panel-first-child panel-last-child\" data-index=\"4\" ><div class=\"textwidget\"><p><img loading=\"lazy\" decoding=\"async\" class=\"aligncenter  wp-image-562\" src=\"https:\/\/choupinets.com\/wp-content\/uploads\/2023\/02\/novotel.jpg\" alt=\"novotel\" width=\"120\" height=\"120\" srcset=\"https:\/\/choupinets.com\/wp-content\/uploads\/2023\/02\/novotel.jpg 225w, https:\/\/choupinets.com\/wp-content\/uploads\/2023\/02\/novotel-150x150.jpg 150w\" sizes=\"auto, (max-width: 120px) 100vw, 120px\" \/><\/p>\n<\/div><\/div><\/div><div id=\"pgc-gb96-69f8a28b78610-1-4\"  class=\"panel-grid-cell\" ><div id=\"panel-gb96-69f8a28b78610-1-4-0\" class=\"so-panel widget widget_black-studio-tinymce widget_black_studio_tinymce panel-first-child panel-last-child\" data-index=\"5\" ><div class=\"textwidget\"><p><img loading=\"lazy\" decoding=\"async\" class=\"aligncenter  wp-image-563\" src=\"https:\/\/choupinets.com\/wp-content\/uploads\/2023\/02\/mcdonalds.jpg\" alt=\"mcdonald's\" width=\"120\" height=\"120\" srcset=\"https:\/\/choupinets.com\/wp-content\/uploads\/2023\/02\/mcdonalds.jpg 225w, https:\/\/choupinets.com\/wp-content\/uploads\/2023\/02\/mcdonalds-150x150.jpg 150w\" sizes=\"auto, (max-width: 120px) 100vw, 120px\" \/><\/p>\n<\/div><\/div><\/div><\/div><\/div><div id=\"pg-gb96-69f8a28b78610-2\"  class=\"panel-grid panel-has-style\" ><div class=\"siteorigin-panels-stretch panel-row-style panel-row-style-for-gb96-69f8a28b78610-2\" data-stretch-type=\"full\" ><div id=\"pgc-gb96-69f8a28b78610-2-0\"  class=\"panel-grid-cell\" ><div id=\"panel-gb96-69f8a28b78610-2-0-0\" class=\"so-panel widget widget_black-studio-tinymce widget_black_studio_tinymce panel-first-child panel-last-child\" data-index=\"6\" ><div class=\"textwidget\"><p><img loading=\"lazy\" decoding=\"async\" class=\"aligncenter  wp-image-564\" src=\"https:\/\/choupinets.com\/wp-content\/uploads\/2023\/02\/m6.jpg\" alt=\"m6\" width=\"120\" height=\"120\" srcset=\"https:\/\/choupinets.com\/wp-content\/uploads\/2023\/02\/m6.jpg 225w, https:\/\/choupinets.com\/wp-content\/uploads\/2023\/02\/m6-150x150.jpg 150w\" sizes=\"auto, (max-width: 120px) 100vw, 120px\" \/><\/p>\n<\/div><\/div><\/div><div id=\"pgc-gb96-69f8a28b78610-2-1\"  class=\"panel-grid-cell\" ><div id=\"panel-gb96-69f8a28b78610-2-1-0\" class=\"so-panel widget widget_black-studio-tinymce widget_black_studio_tinymce panel-first-child panel-last-child\" data-index=\"7\" ><div class=\"textwidget\"><p><img loading=\"lazy\" decoding=\"async\" class=\"aligncenter  wp-image-565\" src=\"https:\/\/choupinets.com\/wp-content\/uploads\/2023\/02\/la-poste.jpg\" alt=\"la poste\" width=\"120\" height=\"120\" srcset=\"https:\/\/choupinets.com\/wp-content\/uploads\/2023\/02\/la-poste.jpg 225w, https:\/\/choupinets.com\/wp-content\/uploads\/2023\/02\/la-poste-150x150.jpg 150w\" sizes=\"auto, (max-width: 120px) 100vw, 120px\" \/><\/p>\n<\/div><\/div><\/div><div id=\"pgc-gb96-69f8a28b78610-2-2\"  class=\"panel-grid-cell\" ><div id=\"panel-gb96-69f8a28b78610-2-2-0\" class=\"so-panel widget widget_black-studio-tinymce widget_black_studio_tinymce panel-first-child panel-last-child\" data-index=\"8\" ><div class=\"textwidget\"><p><img loading=\"lazy\" decoding=\"async\" class=\"aligncenter  wp-image-566\" src=\"https:\/\/choupinets.com\/wp-content\/uploads\/2023\/02\/la-grande-recre.jpg\" alt=\"la grande recre\" width=\"120\" height=\"120\" srcset=\"https:\/\/choupinets.com\/wp-content\/uploads\/2023\/02\/la-grande-recre.jpg 225w, https:\/\/choupinets.com\/wp-content\/uploads\/2023\/02\/la-grande-recre-150x150.jpg 150w\" sizes=\"auto, (max-width: 120px) 100vw, 120px\" \/><\/p>\n<\/div><\/div><\/div><div id=\"pgc-gb96-69f8a28b78610-2-3\"  class=\"panel-grid-cell\" ><div id=\"panel-gb96-69f8a28b78610-2-3-0\" class=\"so-panel widget widget_black-studio-tinymce widget_black_studio_tinymce panel-first-child panel-last-child\" data-index=\"9\" ><div class=\"textwidget\"><p><img loading=\"lazy\" decoding=\"async\" class=\"aligncenter  wp-image-567\" src=\"https:\/\/choupinets.com\/wp-content\/uploads\/2023\/02\/gaumont.jpg\" alt=\"gaumont\" width=\"120\" height=\"120\" srcset=\"https:\/\/choupinets.com\/wp-content\/uploads\/2023\/02\/gaumont.jpg 225w, https:\/\/choupinets.com\/wp-content\/uploads\/2023\/02\/gaumont-150x150.jpg 150w\" sizes=\"auto, (max-width: 120px) 100vw, 120px\" \/><\/p>\n<\/div><\/div><\/div><div id=\"pgc-gb96-69f8a28b78610-2-4\"  class=\"panel-grid-cell\" ><div id=\"panel-gb96-69f8a28b78610-2-4-0\" class=\"so-panel widget widget_black-studio-tinymce widget_black_studio_tinymce panel-first-child panel-last-child\" data-index=\"10\" ><div class=\"textwidget\"><p><img loading=\"lazy\" decoding=\"async\" class=\"aligncenter  wp-image-568\" src=\"https:\/\/choupinets.com\/wp-content\/uploads\/2023\/02\/galerie-lafayette.jpg\" alt=\"galerie lafayette\" width=\"120\" height=\"120\" srcset=\"https:\/\/choupinets.com\/wp-content\/uploads\/2023\/02\/galerie-lafayette.jpg 225w, https:\/\/choupinets.com\/wp-content\/uploads\/2023\/02\/galerie-lafayette-150x150.jpg 150w\" sizes=\"auto, (max-width: 120px) 100vw, 120px\" \/><\/p>\n<\/div><\/div><\/div><\/div><\/div><div id=\"pg-gb96-69f8a28b78610-3\"  class=\"panel-grid panel-has-style\" ><div class=\"siteorigin-panels-stretch panel-row-style panel-row-style-for-gb96-69f8a28b78610-3\" data-stretch-type=\"full\" ><div id=\"pgc-gb96-69f8a28b78610-3-0\"  class=\"panel-grid-cell\" ><div id=\"panel-gb96-69f8a28b78610-3-0-0\" class=\"so-panel widget widget_black-studio-tinymce widget_black_studio_tinymce panel-first-child panel-last-child\" data-index=\"11\" ><div class=\"textwidget\"><p><img loading=\"lazy\" decoding=\"async\" class=\"aligncenter  wp-image-569\" src=\"https:\/\/choupinets.com\/wp-content\/uploads\/2023\/02\/france-5.jpg\" alt=\"france 5\" width=\"120\" height=\"120\" srcset=\"https:\/\/choupinets.com\/wp-content\/uploads\/2023\/02\/france-5.jpg 225w, https:\/\/choupinets.com\/wp-content\/uploads\/2023\/02\/france-5-150x150.jpg 150w\" sizes=\"auto, (max-width: 120px) 100vw, 120px\" \/><\/p>\n<\/div><\/div><\/div><div id=\"pgc-gb96-69f8a28b78610-3-1\"  class=\"panel-grid-cell\" ><div id=\"panel-gb96-69f8a28b78610-3-1-0\" class=\"so-panel widget widget_black-studio-tinymce widget_black_studio_tinymce panel-first-child panel-last-child\" data-index=\"12\" ><div class=\"textwidget\"><p><img loading=\"lazy\" decoding=\"async\" class=\"aligncenter  wp-image-570\" src=\"https:\/\/choupinets.com\/wp-content\/uploads\/2023\/02\/fnac.jpg\" alt=\"fnac\" width=\"120\" height=\"120\" srcset=\"https:\/\/choupinets.com\/wp-content\/uploads\/2023\/02\/fnac.jpg 225w, https:\/\/choupinets.com\/wp-content\/uploads\/2023\/02\/fnac-150x150.jpg 150w\" sizes=\"auto, (max-width: 120px) 100vw, 120px\" \/><\/p>\n<\/div><\/div><\/div><div id=\"pgc-gb96-69f8a28b78610-3-2\"  class=\"panel-grid-cell\" ><div id=\"panel-gb96-69f8a28b78610-3-2-0\" class=\"so-panel widget widget_black-studio-tinymce widget_black_studio_tinymce panel-first-child panel-last-child\" data-index=\"13\" ><div class=\"textwidget\"><p><img loading=\"lazy\" decoding=\"async\" class=\"aligncenter  wp-image-571\" src=\"https:\/\/choupinets.com\/wp-content\/uploads\/2023\/02\/flunch.png\" alt=\"flunch\" width=\"120\" height=\"120\" srcset=\"https:\/\/choupinets.com\/wp-content\/uploads\/2023\/02\/flunch.png 225w, https:\/\/choupinets.com\/wp-content\/uploads\/2023\/02\/flunch-150x150.png 150w\" sizes=\"auto, (max-width: 120px) 100vw, 120px\" \/><\/p>\n<\/div><\/div><\/div><div id=\"pgc-gb96-69f8a28b78610-3-3\"  class=\"panel-grid-cell\" ><div id=\"panel-gb96-69f8a28b78610-3-3-0\" class=\"so-panel widget widget_black-studio-tinymce widget_black_studio_tinymce panel-first-child panel-last-child\" data-index=\"14\" ><div class=\"textwidget\"><p><img loading=\"lazy\" decoding=\"async\" class=\"aligncenter  wp-image-572\" src=\"https:\/\/choupinets.com\/wp-content\/uploads\/2023\/02\/chanel.jpg\" alt=\"chanel\" width=\"120\" height=\"120\" srcset=\"https:\/\/choupinets.com\/wp-content\/uploads\/2023\/02\/chanel.jpg 225w, https:\/\/choupinets.com\/wp-content\/uploads\/2023\/02\/chanel-150x150.jpg 150w\" sizes=\"auto, (max-width: 120px) 100vw, 120px\" \/><\/p>\n<\/div><\/div><\/div><div id=\"pgc-gb96-69f8a28b78610-3-4\"  class=\"panel-grid-cell\" ><div id=\"panel-gb96-69f8a28b78610-3-4-0\" class=\"so-panel widget widget_black-studio-tinymce widget_black_studio_tinymce panel-first-child panel-last-child\" data-index=\"15\" ><div class=\"textwidget\"><p><img loading=\"lazy\" decoding=\"async\" class=\"aligncenter  wp-image-573\" src=\"https:\/\/choupinets.com\/wp-content\/uploads\/2023\/02\/air-france.jpg\" alt=\"air france\" width=\"120\" height=\"120\" srcset=\"https:\/\/choupinets.com\/wp-content\/uploads\/2023\/02\/air-france.jpg 225w, https:\/\/choupinets.com\/wp-content\/uploads\/2023\/02\/air-france-150x150.jpg 150w\" sizes=\"auto, (max-width: 120px) 100vw, 120px\" \/><\/p>\n<\/div><\/div><\/div><\/div><\/div><div id=\"pg-gb96-69f8a28b78610-4\"  class=\"panel-grid panel-has-style\" ><div class=\"siteorigin-panels-stretch panel-row-style panel-row-style-for-gb96-69f8a28b78610-4\" data-stretch-type=\"full\" ><div id=\"pgc-gb96-69f8a28b78610-4-0\"  class=\"panel-grid-cell\" ><div id=\"panel-gb96-69f8a28b78610-4-0-0\" class=\"so-panel widget widget_black-studio-tinymce widget_black_studio_tinymce panel-first-child panel-last-child\" data-index=\"16\" ><div class=\"textwidget\"><p><img loading=\"lazy\" decoding=\"async\" class=\"aligncenter size-full wp-image-531\" src=\"https:\/\/choupinets.com\/wp-content\/uploads\/2023\/02\/snow-queen.gif\" alt=\"snow queen\" width=\"334\" height=\"58\" \/><\/p>\n<p style=\"text-align: center;\"><a class=\"button red\" href=\"https:\/\/choupinets.com\/index.php\/contact\/\">Forulaire de Contact<\/a><\/p>\n<h2 style=\"text-align: center;\"><span style=\"color: #000000;\">Contact par T\u00e9l\u00e9phone:<\/span><\/h2>\n<h2 style=\"text-align: center;\"><span style=\"color: #ff0000;\"><a style=\"color: #ff0000;\" href=\"tel:0669259894\" target=\"_blank\" rel=\"noopener\" data-rel=\"external\">06.69.25.98.94<\/a><\/span><\/h2>\n<p><a href=\"https:\/\/choupinets.com\/\"><img loading=\"lazy\" decoding=\"async\" class=\"aligncenter size-full wp-image-399\" src=\"https:\/\/choupinets.com\/wp-content\/uploads\/2023\/02\/lady-gaga.gif\" alt=\"lady gaga\" width=\"45\" height=\"45\" \/><\/a><\/p>\n<\/div><\/div><\/div><\/div><\/div><\/div>","protected":false},"excerpt":{"rendered":"<p>Nos R\u00e9f\u00e9rences: Ci-dessous, quelques grandes enseignes qui ont d\u00e9j\u00e0 eu confiance en nous.<\/p>\n","protected":false},"author":1,"featured_media":0,"parent":0,"menu_order":0,"comment_status":"closed","ping_status":"closed","template":"full-width-page.php","meta":{"footnotes":""},"class_list":["post-96","page","type-page","status-publish","hentry"],"_links":{"self":[{"href":"https:\/\/choupinets.com\/index.php\/wp-json\/wp\/v2\/pages\/96","targetHints":{"allow":["GET"]}}],"collection":[{"href":"https:\/\/choupinets.com\/index.php\/wp-json\/wp\/v2\/pages"}],"about":[{"href":"https:\/\/choupinets.com\/index.php\/wp-json\/wp\/v2\/types\/page"}],"author":[{"embeddable":true,"href":"https:\/\/choupinets.com\/index.php\/wp-json\/wp\/v2\/users\/1"}],"replies":[{"embeddable":true,"href":"https:\/\/choupinets.com\/index.php\/wp-json\/wp\/v2\/comments?post=96"}],"version-history":[{"count":9,"href":"https:\/\/choupinets.com\/index.php\/wp-json\/wp\/v2\/pages\/96\/revisions"}],"predecessor-version":[{"id":977,"href":"https:\/\/choupinets.com\/index.php\/wp-json\/wp\/v2\/pages\/96\/revisions\/977"}],"wp:attachment":[{"href":"https:\/\/choupinets.com\/index.php\/wp-json\/wp\/v2\/media?parent=96"}],"curies":[{"name":"wp","href":"https:\/\/api.w.org\/{rel}","templated":true}]}}