{"id":98,"date":"2023-01-31T10:55:35","date_gmt":"2023-01-31T09:55:35","guid":{"rendered":"http:\/\/choupinets.com\/?page_id=98"},"modified":"2023-02-07T17:16:15","modified_gmt":"2023-02-07T16:16:15","slug":"livre-dor","status":"publish","type":"page","link":"https:\/\/choupinets.com\/index.php\/livre-dor\/","title":{"rendered":"livre d&rsquo;or"},"content":{"rendered":"<div id=\"pl-gb98-69f8a28b780e7\"  class=\"panel-layout\" ><div id=\"pg-gb98-69f8a28b780e7-0\"  class=\"panel-grid panel-has-style\" ><div class=\"siteorigin-panels-stretch panel-row-style panel-row-style-for-gb98-69f8a28b780e7-0\" data-stretch-type=\"full\" ><div id=\"pgc-gb98-69f8a28b780e7-0-0\"  class=\"panel-grid-cell\" ><div id=\"panel-gb98-69f8a28b780e7-0-0-0\" class=\"so-panel widget widget_black-studio-tinymce widget_black_studio_tinymce panel-first-child panel-last-child\" data-index=\"0\" ><div class=\"textwidget\"><h1 style=\"text-align: center;\"><span style=\"text-decoration: underline; color: #000000;\"><em>Livre d&rsquo;or:<\/em><\/span><\/h1>\n<p>&nbsp;<\/p>\n<h2 style=\"text-align: center;\"><strong><span style=\"color: #000000;\">Guy, Paris 16:<\/span><\/strong><\/h2>\n<h2 style=\"text-align: center;\"><span style=\"color: #000000;\">C &lsquo;\u00e9tait un apr\u00e9s-midi magnifique et un rappel de souvenirs pour moi aussi.<\/span> <span style=\"color: #000000;\">Merci \u00e0 l&rsquo;animateur Wesley pour le come-back dans les ann\u00e9es 90 et pour avoir initi\u00e9 mon fils Romain au \u00ab\u00a0king of POP\u00a0\u00bb Mickael Jacskon.<\/span> <span style=\"color: #000000;\">Super imitation, super animateur, super ambiance !<\/span><\/h2>\n<p><img loading=\"lazy\" decoding=\"async\" class=\"aligncenter size-full wp-image-372\" src=\"https:\/\/choupinets.com\/wp-content\/uploads\/2023\/02\/facebook.gif\" alt=\"facebook\" width=\"300\" height=\"70\" \/><\/p>\n<h2 style=\"text-align: center;\"><strong><span style=\"color: #000000;\">Chantal, Neuilly sur seine:<\/span><\/strong><\/h2>\n<h2 style=\"text-align: center;\"><span style=\"color: #000000;\">C&rsquo;est la deuxieme fois que je fais appel \u00e0 l&rsquo;\u00e9quipe de choupinets.com, et encore une fois je ne suis pas d\u00e9cue.<\/span> <span style=\"color: #000000;\">Juste un mot \u00ab\u00a0EXTRA\u00a0\u00bb le clip vid\u00e9o, Anais et ses copines en sont folles et moi aussi car nous le passons non-stop!!&#8230;merci encore.<\/span><\/h2>\n<p><img loading=\"lazy\" decoding=\"async\" class=\"aligncenter size-full wp-image-372\" src=\"https:\/\/choupinets.com\/wp-content\/uploads\/2023\/02\/facebook.gif\" alt=\"facebook\" width=\"300\" height=\"70\" \/><\/p>\n<h2 style=\"text-align: center;\"><strong><span style=\"color: #000000;\">St\u00e9phanie, Courbevoie:<\/span><\/strong><\/h2>\n<h2 style=\"text-align: center;\"><span style=\"color: #000000;\">Un grand merci \u00e0 toutes l&rsquo;\u00e9quipe de \u00ab\u00a0choupinets.com\u00a0\u00bb, pour avoir animer le gouter d&rsquo;anniversaire de ma fille Lauriane qui se souviendra longtemps de ses 11 ans.<\/span> <span style=\"color: #000000;\">Elles et toutes ces copines ont pass\u00e9es une apr\u00e9s midi de folies \u00e0 se mettrent dans la peau des Pompoms girls.<\/span> <span style=\"color: #000000;\">Cour de danses et chor\u00e9graphies ont fait la joie de nos petites starlettes, encore une fois merci et \u00e0 l&rsquo;ann\u00e9e prochaine.<\/span><\/h2>\n<p><img loading=\"lazy\" decoding=\"async\" class=\"aligncenter size-full wp-image-372\" src=\"https:\/\/choupinets.com\/wp-content\/uploads\/2023\/02\/facebook.gif\" alt=\"facebook\" width=\"300\" height=\"70\" \/><\/p>\n<h2 style=\"text-align: center;\"><strong><span style=\"color: #000000;\">Philippe, Papa du petit Hugo:<\/span><\/strong><\/h2>\n<h2 style=\"text-align: center;\"><span style=\"color: #000000;\">Excellente prestation du clown, l&rsquo;animateur a su capter l&rsquo;attention des enfants.<\/span> <span style=\"color: #000000;\">ils ont ador\u00e9s les jeux, l&rsquo;animation maquillage et surtout les ballons.<\/span> <span style=\"color: #000000;\">Merci de m&rsquo;avoir aider \u00e0 organiser l&rsquo;anniversaire de mon fils.<\/span> <span style=\"color: #000000;\">Je recommande vivement l&rsquo;\u00e9quipe de \u00ab\u00a0choupinets .com\u00a0\u00bb.<\/span><\/h2>\n<h2 style=\"text-align: center;\"><img loading=\"lazy\" decoding=\"async\" class=\"aligncenter size-full wp-image-372\" src=\"https:\/\/choupinets.com\/wp-content\/uploads\/2023\/02\/facebook.gif\" alt=\"facebook\" width=\"300\" height=\"70\" \/><\/h2>\n<h2 style=\"text-align: center;\"><strong><span style=\"color: #000000;\">Jean-Claude et Djamila:<\/span><\/strong><\/h2>\n<h2 style=\"text-align: center;\"><span style=\"color: #000000;\">Merci d&rsquo;avoir organiser une mini boom pour notre fille Sarah.<\/span> <span style=\"color: #000000;\">Nous avons \u00e9t\u00e9 impressionner par l&rsquo;organisation, 12 enfants \u00e0 g\u00e9rer, c&rsquo;\u00e9tait pas gagner \u00e0 nous seul.<\/span><\/h2>\n<h2 style=\"text-align: center;\"><img loading=\"lazy\" decoding=\"async\" class=\"aligncenter size-full wp-image-372\" src=\"https:\/\/choupinets.com\/wp-content\/uploads\/2023\/02\/facebook.gif\" alt=\"facebook\" width=\"300\" height=\"70\" \/><\/h2>\n<h2 style=\"text-align: center;\"><strong><span style=\"color: #000000;\">Coucou, je m&rsquo;appelle Eva et j&rsquo;ai 4 ans:<\/span><\/strong><\/h2>\n<h2 style=\"text-align: center;\"><span style=\"color: #000000;\">Maman et moi faisons un gros bisous \u00e0 Aur\u00e9lie, \u00ab\u00a0la f\u00e9e des princesses\u00a0\u00bb .<\/span> <span style=\"color: #000000;\">MERCI \u00e0 choupinets.com d&rsquo;avoir combl\u00e9 ma fille qui voulait envoyer ce petit message \u00e0 Aurelie l&rsquo; animatrice.<\/span><\/h2>\n<p><img loading=\"lazy\" decoding=\"async\" class=\"aligncenter size-full wp-image-372\" src=\"https:\/\/choupinets.com\/wp-content\/uploads\/2023\/02\/facebook.gif\" alt=\"facebook\" width=\"300\" height=\"70\" \/><\/p>\n<h2 style=\"text-align: center;\"><strong><span style=\"color: #000000;\">Anne-Claire, maman de Leo:<\/span><\/strong><\/h2>\n<h2 style=\"text-align: center;\"><span style=\"color: #000000;\">Un grand merci \u00e0 choupinets.com, pour avoir fait un formidable boulot avec les enfants.<\/span> <span style=\"color: #000000;\">C&rsquo;\u00e9tait une r\u00e9ussite, l&rsquo;animation des cowboys a enchant\u00e9 les gar\u00e7ons.<\/span> <span style=\"color: #000000;\">On recommencera l&rsquo;ann\u00e9e prochaine. MERCI.<\/span><\/h2>\n<p><img loading=\"lazy\" decoding=\"async\" class=\"aligncenter size-full wp-image-372\" src=\"https:\/\/choupinets.com\/wp-content\/uploads\/2023\/02\/facebook.gif\" alt=\"facebook\" width=\"300\" height=\"70\" \/><\/p>\n<h2 style=\"text-align: center;\"><strong><span style=\"color: #000000;\">Jean-Marc, commercial \u00e0 Combs-La-Ville:<\/span><\/strong><\/h2>\n<h2 style=\"text-align: center;\"><span style=\"color: #000000;\">Pas facile d&rsquo;organiser l&rsquo;anniversaire des 7 ans de notre fils Quentin quand je pars en d\u00e9placement pour la semaine et que ma femme travaille de nuit, mais pas question de passer \u00e0 c\u00f4t\u00e9 d&rsquo;un \u00e9v\u00e9nement aussi important !<\/span> <span style=\"color: #000000;\">La solution, on l&rsquo;a trouv\u00e9 gr\u00e2ce \u00e0 l&rsquo;\u00e9quipe de Choupinets.com<\/span> <span style=\"color: #000000;\">On ne connaissait pas mais une chose est s\u00fbre: on refera appel \u00e0 eux ! Le magicien a r\u00e9alis\u00e9 des tours bluffant. Les enfants ont ador\u00e9.<\/span> <span style=\"color: #000000;\">Je vous recommande \u00e0 tout le monde autour de nous !.<\/span><\/h2>\n<p><img loading=\"lazy\" decoding=\"async\" class=\"aligncenter size-full wp-image-372\" src=\"https:\/\/choupinets.com\/wp-content\/uploads\/2023\/02\/facebook.gif\" alt=\"facebook\" width=\"300\" height=\"70\" \/><\/p>\n<h2 style=\"text-align: center;\"><strong><span style=\"color: #000000;\">Manu et Clarisse, Pavillon sous Bois:<\/span><\/strong><\/h2>\n<h2 style=\"text-align: center;\"><span style=\"color: #000000;\">Cette ann\u00e9e pour les 8 ans de Boris, on a d\u00e9cid\u00e9 de faire la f\u00eate et de contacter l&rsquo;\u00e9quipe de choupinets.com.<\/span> <span style=\"color: #000000;\">On a profit\u00e9 du soleil et les jeux de pleins air ont tout autant ravis les enfants que les jeux d&rsquo;int\u00e9rieurs&#8230; une belle journ\u00e9e inoubliable, rien \u00e0 re-dire&#8230; juste MERCI.<\/span><\/h2>\n<p><img loading=\"lazy\" decoding=\"async\" class=\"aligncenter size-full wp-image-372\" src=\"https:\/\/choupinets.com\/wp-content\/uploads\/2023\/02\/facebook.gif\" alt=\"facebook\" width=\"300\" height=\"70\" \/><\/p>\n<h2 style=\"text-align: center;\"><strong><span style=\"color: #000000;\">Roger M. 67 ans, retrait\u00e9:<\/span><\/strong><\/h2>\n<h2 style=\"text-align: center;\"><span style=\"color: #000000;\">Grand-p\u00e8re \u00ab\u00a0g\u00e2teaux\u00a0\u00bb de 5 petits-enfants, j&rsquo;ai voulu marquer le coup lors de la derni\u00e8re r\u00e9union de famille.<\/span> <span style=\"color: #000000;\">Je n&rsquo;avais pas trop d&rsquo;id\u00e9e et il fallait contenter tout le monde, de la plus petite (4 ans et demi) au plus grand (10 ans).<\/span> <span style=\"color: #000000;\">Un vrai casse-t\u00eate. Heureusement, je suis tomb\u00e9 sur votre site internet.<\/span> <span style=\"color: #000000;\">L&rsquo;animation des marionnettes a imm\u00e9diatement retenue mon attention (Cela m&rsquo;a ramen\u00e9 des d\u00e9cennies en arri\u00e8re.)<\/span>\u00a0<span style=\"color: #000000;\">Chaque dimanche apr\u00e8s-midi, ma m\u00e8re m&#8217;emmenait promener dans le grand parc. Je me souvient de ce petit th\u00e9\u00e2tre en bois \u00e0 la peinture craquel\u00e9e, tout pr\u00e8s de l&rsquo;\u00e9tang, ou tous les gosses allaient.<\/span> <span style=\"color: #000000;\">D\u00e8s que je l&rsquo;apercevais, je courais pour avoir une place tout devant. C&rsquo;\u00e9tait le meilleur moment de notre balade. Que de souvenirs.<\/span> <span style=\"color: #000000;\">Ce moment d&rsquo;\u00e9motion, j&rsquo;ai voulu le retransmettre \u00e0 mes petit-enfants.<\/span> <span style=\"color: #000000;\">Le spectacle les a captiv\u00e9s, ils n&rsquo;en ont pas perdu une miette ! Quel plaisir des les voir tous assis dans l&rsquo;herbe, comme je l&rsquo;avais fait \u00e0 leur \u00e2ge, s&rsquo;esclaffer et rire joyeusement. Choupinets.com je vous dis un grand merci.<\/span><\/h2>\n<p><img loading=\"lazy\" decoding=\"async\" class=\"aligncenter size-full wp-image-372\" src=\"https:\/\/choupinets.com\/wp-content\/uploads\/2023\/02\/facebook.gif\" alt=\"facebook\" width=\"300\" height=\"70\" \/><\/p>\n<h2 style=\"text-align: center;\"><strong><span style=\"color: #000000;\">Sylvie, maman d&rsquo;une adorable petite Lola (5 ans):<\/span><\/strong><\/h2>\n<h2 style=\"text-align: center;\"><span style=\"color: #000000;\">Lola et ses copinnes ont pass\u00e9s un apr\u00e9s-midi inoubliable en dansant sur Britney Spears. Surtout que Lola est fane d&rsquo;elle.<\/span> <span style=\"color: #000000;\">J&rsquo;ai pu profiter pleinement de cette journ\u00e9e avec les filles. Bravo a l&rsquo;animatrice de Dancing Star qui a \u00e9t\u00e9 tr\u00e9s bien avec les enfants.<\/span><\/h2>\n<p><img loading=\"lazy\" decoding=\"async\" class=\"aligncenter size-full wp-image-372\" src=\"https:\/\/choupinets.com\/wp-content\/uploads\/2023\/02\/facebook.gif\" alt=\"facebook\" width=\"300\" height=\"70\" \/><\/p>\n<h2 style=\"text-align: center;\"><strong><span style=\"color: #000000;\">Martine, Paris 11:<\/span><\/strong><\/h2>\n<h2 style=\"text-align: center;\"><span style=\"color: #000000;\">Mille merci \u00e0 tous et pour la seconde fois, une \u00e9quipe toujours aussi pro.<\/span> <span style=\"color: #000000;\">mon neveu GAETAN a ador\u00e9 l&rsquo;animation cow boys, c&rsquo;\u00e9tait juste parfait. Je vous dis \u00e0 l&rsquo;ann\u00e9e prochaine.<\/span><\/h2>\n<p><img loading=\"lazy\" decoding=\"async\" class=\"aligncenter size-full wp-image-372\" src=\"https:\/\/choupinets.com\/wp-content\/uploads\/2023\/02\/facebook.gif\" alt=\"facebook\" width=\"300\" height=\"70\" \/><\/p>\n<h2 style=\"text-align: center;\"><strong><span style=\"color: #000000;\">Laurent et Sabrina, parents de Vince (6 ans):<\/span><\/strong><\/h2>\n<h2 style=\"text-align: center;\"><span style=\"color: #000000;\">MAGIQUE!!!, trois heures absolument magique&#8230; Vince en redemande encore, le magicien \u00e9tait incroyable et super sympa.<\/span> <span style=\"color: #000000;\">Le gouter d&rsquo;anniversaire \u00e9tait tr\u00e9s r\u00e9ussi et je reste moi-m\u00eame encore bleff\u00e9 par certains tours de magie&#8230; Merci \u00e0 Wesley.<\/span><\/h2>\n<p><img loading=\"lazy\" decoding=\"async\" class=\"aligncenter size-full wp-image-372\" src=\"https:\/\/choupinets.com\/wp-content\/uploads\/2023\/02\/facebook.gif\" alt=\"facebook\" width=\"300\" height=\"70\" \/><\/p>\n<h2 style=\"text-align: center;\"><strong><span style=\"color: #000000;\">Olivier, p\u00e8re de Thomas:<\/span><\/strong><\/h2>\n<h2 style=\"text-align: center;\"><span style=\"color: #000000;\">J&rsquo;ai \u00e9t\u00e9 impressionn\u00e9 par l&rsquo;organisation et le travail fourni par l&rsquo;\u00e9quipe.<\/span> <span style=\"color: #000000;\">Le gouter d&rsquo;anniversaire de Thomas a \u00e9t\u00e9 parfait, mon fils en parle encore.<\/span> <span style=\"color: #000000;\">Excellente exp\u00e9rience avec choupinets.com, \u00e0 bient\u00f4t.<\/span><\/h2>\n<p><img loading=\"lazy\" decoding=\"async\" class=\"aligncenter size-full wp-image-372\" src=\"https:\/\/choupinets.com\/wp-content\/uploads\/2023\/02\/facebook.gif\" alt=\"facebook\" width=\"300\" height=\"70\" \/><\/p>\n<h2 style=\"text-align: center;\"><strong><span style=\"color: #000000;\">Severine, maman de Joshua et Adam (7 ans):<\/span><\/strong><\/h2>\n<h2 style=\"text-align: center;\"><span style=\"color: #000000;\">BRAVO, BRAVO! un grand \u00ab\u00a0BRAVO\u00a0\u00bb.<\/span> <span style=\"color: #000000;\">Mes fils ont ador\u00e9s le clown, incroyable!<\/span><\/h2>\n<p><img loading=\"lazy\" decoding=\"async\" class=\"aligncenter size-full wp-image-372\" src=\"https:\/\/choupinets.com\/wp-content\/uploads\/2023\/02\/facebook.gif\" alt=\"facebook\" width=\"300\" height=\"70\" \/><\/p>\n<h2 style=\"text-align: center;\"><strong><span style=\"color: #000000;\">Martine et Thomas, parent de Jade:<\/span><\/strong><\/h2>\n<h2 style=\"text-align: center;\"><span style=\"color: #000000;\">Bonjour, un petit mot pour dire merci \u00e0 votre animatrice AURELIE.<\/span> <span style=\"color: #000000;\">Merci pour Jade et ces copines, elles ont pass\u00e9s une journ\u00e9e f\u00e9erique dans le monde des princesses.<\/span> <span style=\"color: #000000;\">Super pour tous: l&rsquo;animation, le maquillage, et surtout le sourire d&rsquo;Aur\u00e9lie.<\/span><\/h2>\n<p><img loading=\"lazy\" decoding=\"async\" class=\"aligncenter size-full wp-image-372\" src=\"https:\/\/choupinets.com\/wp-content\/uploads\/2023\/02\/facebook.gif\" alt=\"facebook\" width=\"300\" height=\"70\" \/><\/p>\n<h2 style=\"text-align: center;\"><strong><span style=\"color: #000000;\">In\u00e9s, maman de \u00ab\u00a0Lila\u00a0\u00bb:<\/span><\/strong><\/h2>\n<h2 style=\"text-align: center;\"><span style=\"color: #000000;\">Samedi dernier, ma fille LILA a eu un super anniversaire, elle a \u00e9t\u00e9 transform\u00e9e en une petite princesse.<\/span> <span style=\"color: #000000;\">L&rsquo;animatrice \u00e9tait g\u00e9niale, ma fille veut encore que je lui raconte \u00ab\u00a0l&rsquo;histoire de LILA, la princesse des bois\u00a0\u00bb en boucle lol, merci pour ca.<\/span><\/h2>\n<p>&nbsp;<\/p>\n<p><img loading=\"lazy\" decoding=\"async\" class=\"aligncenter  wp-image-963\" src=\"https:\/\/choupinets.com\/wp-content\/uploads\/2023\/02\/naruto.gif\" alt=\"naruto\" width=\"512\" height=\"64\" \/><\/p>\n<p style=\"text-align: center;\"><a class=\"button red\" href=\"https:\/\/choupinets.com\/index.php\/contact\/\">Forulaire de Contact<\/a><\/p>\n<h2 style=\"text-align: center;\"><span style=\"color: #000000;\">Contact par T\u00e9l\u00e9phone:<\/span><\/h2>\n<h2 style=\"text-align: center;\"><span style=\"color: #ff0000;\"><a style=\"color: #ff0000;\" href=\"tel:0669259894\" target=\"_blank\" rel=\"noopener\" data-rel=\"external\">06.69.25.98.94<\/a><\/span><\/h2>\n<p><a href=\"https:\/\/choupinets.com\/\"><img loading=\"lazy\" decoding=\"async\" class=\"aligncenter size-full wp-image-399\" src=\"https:\/\/choupinets.com\/wp-content\/uploads\/2023\/02\/lady-gaga.gif\" alt=\"lady gaga\" width=\"45\" height=\"45\" \/><\/a><\/p>\n<\/div><\/div><\/div><\/div><\/div><\/div>","protected":false},"excerpt":{"rendered":"<p>Livre d&rsquo;or: &nbsp; Guy, Paris 16: C &lsquo;\u00e9tait un apr\u00e9s-midi magnifique et un rappel de souvenirs pour moi aussi. Merci \u00e0 l&rsquo;animateur Wesley pour le come-back dans les ann\u00e9es 90 et pour avoir initi\u00e9 mon fils Romain au \u00ab\u00a0king of POP\u00a0\u00bb Mickael Jacskon. Super imitation, super animateur, super ambiance ! Chantal, Neuilly sur seine: C&rsquo;est&#8230;<\/p>\n","protected":false},"author":1,"featured_media":0,"parent":0,"menu_order":0,"comment_status":"closed","ping_status":"closed","template":"full-width-page.php","meta":{"footnotes":""},"class_list":["post-98","page","type-page","status-publish","hentry"],"_links":{"self":[{"href":"https:\/\/choupinets.com\/index.php\/wp-json\/wp\/v2\/pages\/98","targetHints":{"allow":["GET"]}}],"collection":[{"href":"https:\/\/choupinets.com\/index.php\/wp-json\/wp\/v2\/pages"}],"about":[{"href":"https:\/\/choupinets.com\/index.php\/wp-json\/wp\/v2\/types\/page"}],"author":[{"embeddable":true,"href":"https:\/\/choupinets.com\/index.php\/wp-json\/wp\/v2\/users\/1"}],"replies":[{"embeddable":true,"href":"https:\/\/choupinets.com\/index.php\/wp-json\/wp\/v2\/comments?post=98"}],"version-history":[{"count":13,"href":"https:\/\/choupinets.com\/index.php\/wp-json\/wp\/v2\/pages\/98\/revisions"}],"predecessor-version":[{"id":1036,"href":"https:\/\/choupinets.com\/index.php\/wp-json\/wp\/v2\/pages\/98\/revisions\/1036"}],"wp:attachment":[{"href":"https:\/\/choupinets.com\/index.php\/wp-json\/wp\/v2\/media?parent=98"}],"curies":[{"name":"wp","href":"https:\/\/api.w.org\/{rel}","templated":true}]}}